{"id":9275,"date":"2024-12-05T13:03:50","date_gmt":"2024-12-05T12:03:50","guid":{"rendered":"https:\/\/atriumvitis.com\/tiendavinos\/?post_type=product&#038;p=9275"},"modified":"2026-04-18T00:23:14","modified_gmt":"2026-04-17T22:23:14","slug":"qt-penafurada-23","status":"publish","type":"product","link":"https:\/\/atriumvitis.com\/tiendavinos\/producto\/qt-penafurada-23\/","title":{"rendered":"QT Penafurada 23"},"content":{"rendered":"<p><span style=\"font-family: comic sans ms, sans-serif;\"><b>QUINTA TOUCEDO Penafurada<\/b><\/span><\/p>\n<p><span style=\"font-family: comic sans ms, sans-serif;\">Penafurada es un vino tinto de la variedad menc\u00eda, puede tener un 5% de garnacha que se encuentra salpicada en la parcela, y depende del a\u00f1o la garnacha se da mejor o peor.<\/span><\/p>\n<p><span style=\"font-family: comic sans ms, sans-serif;\"><u>Proceso de elaboraci\u00f3n<\/u>: despalillado, estrujado, fermentaci\u00f3n en inox. corto per\u00edodo de maceraci\u00f3n post fermentativo, el bazuqueo se realiza de forma manual en el dep\u00f3sito de acero, 4 veces al d\u00eda en el primer tercio de la fermentaci\u00f3n, 3 en el segundo tercio y 2 al final. El per\u00edodo de crianza en dep\u00f3sito de acero fue hasta el mes de julio, cuando se embotell\u00f3, y no pas\u00f3 por madera.\u00a0\u00a0<\/span><\/p>\n<p><span style=\"font-family: comic sans ms, sans-serif;\">El resultado es un\u00a0vino, fresco, afrutado muy vers\u00e1til, f\u00e1cil de maridar con comida de todos los d\u00edas, para abrir en cualquier momento.<\/span><\/p>\n<p><span style=\"font-family: comic sans ms, sans-serif;\">Graduaci\u00f3n alcoh\u00f3lica 13\u00ba.<\/span><\/p>\n<p><span style=\"font-family: comic sans ms, sans-serif;\">Se han elaborado unas 2.660 botellas. Es el vino de mayor tirada, y siempre de las mismas parcelas de la zona de Montefurado.\u00a0<\/span><\/p>\n<p><span style=\"font-family: comic sans ms, sans-serif;\">Siempre hasta d\u00eda de hoy, en este vino y todos los dem\u00e1s, se han utilizado las levaduras aut\u00f3ctonas que se encuentran en la propia piel de la uva. La fermentaci\u00f3n alcoh\u00f3lica y malol\u00e1ctica son espont\u00e1neas, con la dedicaci\u00f3n que eso conlleva en bodega. El proceso de elaboraci\u00f3n es lo m\u00e1s artesanal posible.<\/span><\/p>\n","protected":false},"excerpt":{"rendered":"<p><span style=\"font-family: comic sans ms, sans-serif;\"><b>QUINTA TOUCEDO Penafurada. <\/b>A\u00f1ada de 2023. Vino tinto de la variedad menc\u00eda, puede tener un 5% de garnacha que se encuentra salpicada en la parcela. Si quieres este vino, te llegar\u00e1 la Edici\u00f3n Especial pintada a mano.<br \/>\n<\/span><\/p>\n","protected":false},"featured_media":340,"comment_status":"open","ping_status":"closed","template":"","meta":{"ocean_post_layout":"","ocean_both_sidebars_style":"","ocean_both_sidebars_content_width":0,"ocean_both_sidebars_sidebars_width":0,"ocean_sidebar":"0","ocean_second_sidebar":"0","ocean_disable_margins":"enable","ocean_add_body_class":"","ocean_shortcode_before_top_bar":"","ocean_shortcode_after_top_bar":"","ocean_shortcode_before_header":"","ocean_shortcode_after_header":"","ocean_has_shortcode":"","ocean_shortcode_after_title":"","ocean_shortcode_before_footer_widgets":"","ocean_shortcode_after_footer_widgets":"","ocean_shortcode_before_footer_bottom":"","ocean_shortcode_after_footer_bottom":"","ocean_display_top_bar":"default","ocean_display_header":"default","ocean_header_style":"","ocean_center_header_left_menu":"0","ocean_custom_header_template":"0","ocean_custom_logo":0,"ocean_custom_retina_logo":0,"ocean_custom_logo_max_width":0,"ocean_custom_logo_tablet_max_width":0,"ocean_custom_logo_mobile_max_width":0,"ocean_custom_logo_max_height":0,"ocean_custom_logo_tablet_max_height":0,"ocean_custom_logo_mobile_max_height":0,"ocean_header_custom_menu":"0","ocean_menu_typo_font_family":"0","ocean_menu_typo_font_subset":"","ocean_menu_typo_font_size":0,"ocean_menu_typo_font_size_tablet":0,"ocean_menu_typo_font_size_mobile":0,"ocean_menu_typo_font_size_unit":"px","ocean_menu_typo_font_weight":"","ocean_menu_typo_font_weight_tablet":"","ocean_menu_typo_font_weight_mobile":"","ocean_menu_typo_transform":"","ocean_menu_typo_transform_tablet":"","ocean_menu_typo_transform_mobile":"","ocean_menu_typo_line_height":0,"ocean_menu_typo_line_height_tablet":0,"ocean_menu_typo_line_height_mobile":0,"ocean_menu_typo_line_height_unit":"","ocean_menu_typo_spacing":0,"ocean_menu_typo_spacing_tablet":0,"ocean_menu_typo_spacing_mobile":0,"ocean_menu_typo_spacing_unit":"","ocean_menu_link_color":"","ocean_menu_link_color_hover":"","ocean_menu_link_color_active":"","ocean_menu_link_background":"","ocean_menu_link_hover_background":"","ocean_menu_link_active_background":"","ocean_menu_social_links_bg":"","ocean_menu_social_hover_links_bg":"","ocean_menu_social_links_color":"","ocean_menu_social_hover_links_color":"","ocean_disable_title":"default","ocean_disable_heading":"default","ocean_post_title":"","ocean_post_subheading":"","ocean_post_title_style":"","ocean_post_title_background_color":"","ocean_post_title_background":0,"ocean_post_title_bg_image_position":"","ocean_post_title_bg_image_attachment":"","ocean_post_title_bg_image_repeat":"","ocean_post_title_bg_image_size":"","ocean_post_title_height":0,"ocean_post_title_bg_overlay":0.5,"ocean_post_title_bg_overlay_color":"","ocean_disable_breadcrumbs":"default","ocean_breadcrumbs_color":"","ocean_breadcrumbs_separator_color":"","ocean_breadcrumbs_links_color":"","ocean_breadcrumbs_links_hover_color":"","ocean_display_footer_widgets":"default","ocean_display_footer_bottom":"default","ocean_custom_footer_template":"0"},"yoast_head":"<!-- This site is optimized with the Yoast SEO plugin v14.4.1 - https:\/\/yoast.com\/wordpress\/plugins\/seo\/ -->\n<title>QT Penafurada 23 - Bodega Atrium Vitis | Vinos de parcela<\/title>\n<meta name=\"robots\" content=\"index, follow\" \/>\n<meta name=\"googlebot\" content=\"index, follow, max-snippet:-1, max-image-preview:large, max-video-preview:-1\" \/>\n<meta name=\"bingbot\" content=\"index, follow, max-snippet:-1, max-image-preview:large, max-video-preview:-1\" \/>\n<link rel=\"canonical\" href=\"https:\/\/atriumvitis.com\/tiendavinos\/producto\/qt-penafurada-23\/\" \/>\n<meta property=\"og:locale\" content=\"es_ES\" \/>\n<meta property=\"og:type\" content=\"article\" \/>\n<meta property=\"og:title\" content=\"QT Penafurada 23 - Bodega Atrium Vitis | Vinos de parcela\" \/>\n<meta property=\"og:description\" content=\"QUINTA TOUCEDO Penafurada. A\u00f1ada de 2023. Vino tinto de la variedad menc\u00eda, puede tener un 5% de garnacha que se encuentra salpicada en la parcela. Si quieres este vino, te llegar\u00e1 la Edici\u00f3n Especial pintada a mano.\" \/>\n<meta property=\"og:url\" content=\"https:\/\/atriumvitis.com\/tiendavinos\/producto\/qt-penafurada-23\/\" \/>\n<meta property=\"og:site_name\" content=\"Bodega Atrium Vitis | Vinos de parcela\" \/>\n<meta property=\"article:modified_time\" content=\"2026-04-17T22:23:14+00:00\" \/>\n<meta property=\"og:image\" content=\"https:\/\/atriumvitis.com\/tiendavinos\/wp-content\/uploads\/2019\/12\/penafurada-2.jpg\" \/>\n\t<meta property=\"og:image:width\" content=\"1355\" \/>\n\t<meta property=\"og:image:height\" content=\"2000\" \/>\n<meta name=\"twitter:card\" content=\"summary_large_image\" \/>\n<script type=\"application\/ld+json\" class=\"yoast-schema-graph\">{\"@context\":\"https:\/\/schema.org\",\"@graph\":[{\"@type\":\"Organization\",\"@id\":\"https:\/\/atriumvitis.com\/tiendavinos\/#organization\",\"name\":\"Atrium Vitis Bodega\",\"url\":\"https:\/\/atriumvitis.com\/tiendavinos\/\",\"sameAs\":[],\"logo\":{\"@type\":\"ImageObject\",\"@id\":\"https:\/\/atriumvitis.com\/tiendavinos\/#logo\",\"inLanguage\":\"es\",\"url\":\"https:\/\/atriumvitis.com\/tiendavinos\/wp-content\/uploads\/2020\/04\/logo_atriumvitis_46Kb-200px_ancho.png\",\"width\":200,\"height\":185,\"caption\":\"Atrium Vitis Bodega\"},\"image\":{\"@id\":\"https:\/\/atriumvitis.com\/tiendavinos\/#logo\"}},{\"@type\":\"WebSite\",\"@id\":\"https:\/\/atriumvitis.com\/tiendavinos\/#website\",\"url\":\"https:\/\/atriumvitis.com\/tiendavinos\/\",\"name\":\"Bodega Atrium Vitis | Vinos de parcela\",\"description\":\"Vinos de Ribeira Sacra elaborados por Bodega Atrium Vitis\",\"publisher\":{\"@id\":\"https:\/\/atriumvitis.com\/tiendavinos\/#organization\"},\"potentialAction\":[{\"@type\":\"SearchAction\",\"target\":\"https:\/\/atriumvitis.com\/tiendavinos\/?s={search_term_string}\",\"query-input\":\"required name=search_term_string\"}],\"inLanguage\":\"es\"},{\"@type\":\"ImageObject\",\"@id\":\"https:\/\/atriumvitis.com\/tiendavinos\/producto\/qt-penafurada-23\/#primaryimage\",\"inLanguage\":\"es\",\"url\":\"https:\/\/atriumvitis.com\/tiendavinos\/wp-content\/uploads\/2019\/12\/penafurada-2.jpg\",\"width\":1355,\"height\":2000},{\"@type\":\"WebPage\",\"@id\":\"https:\/\/atriumvitis.com\/tiendavinos\/producto\/qt-penafurada-23\/#webpage\",\"url\":\"https:\/\/atriumvitis.com\/tiendavinos\/producto\/qt-penafurada-23\/\",\"name\":\"QT Penafurada 23 - Bodega Atrium Vitis | Vinos de parcela\",\"isPartOf\":{\"@id\":\"https:\/\/atriumvitis.com\/tiendavinos\/#website\"},\"primaryImageOfPage\":{\"@id\":\"https:\/\/atriumvitis.com\/tiendavinos\/producto\/qt-penafurada-23\/#primaryimage\"},\"datePublished\":\"2024-12-05T12:03:50+00:00\",\"dateModified\":\"2026-04-17T22:23:14+00:00\",\"inLanguage\":\"es\",\"potentialAction\":[{\"@type\":\"ReadAction\",\"target\":[\"https:\/\/atriumvitis.com\/tiendavinos\/producto\/qt-penafurada-23\/\"]}]}]}<\/script>\n<!-- \/ Yoast SEO plugin. -->","_links":{"self":[{"href":"https:\/\/atriumvitis.com\/tiendavinos\/wp-json\/wp\/v2\/product\/9275"}],"collection":[{"href":"https:\/\/atriumvitis.com\/tiendavinos\/wp-json\/wp\/v2\/product"}],"about":[{"href":"https:\/\/atriumvitis.com\/tiendavinos\/wp-json\/wp\/v2\/types\/product"}],"replies":[{"embeddable":true,"href":"https:\/\/atriumvitis.com\/tiendavinos\/wp-json\/wp\/v2\/comments?post=9275"}],"version-history":[{"count":1,"href":"https:\/\/atriumvitis.com\/tiendavinos\/wp-json\/wp\/v2\/product\/9275\/revisions"}],"predecessor-version":[{"id":9276,"href":"https:\/\/atriumvitis.com\/tiendavinos\/wp-json\/wp\/v2\/product\/9275\/revisions\/9276"}],"wp:featuredmedia":[{"embeddable":true,"href":"https:\/\/atriumvitis.com\/tiendavinos\/wp-json\/wp\/v2\/media\/340"}],"wp:attachment":[{"href":"https:\/\/atriumvitis.com\/tiendavinos\/wp-json\/wp\/v2\/media?parent=9275"}],"curies":[{"name":"wp","href":"https:\/\/api.w.org\/{rel}","templated":true}]}}