{"id":7573,"date":"2022-07-24T09:43:41","date_gmt":"2022-07-24T07:43:41","guid":{"rendered":"https:\/\/atriumvitis.com\/tiendavinos\/?post_type=product&#038;p=7573"},"modified":"2026-05-13T11:32:13","modified_gmt":"2026-05-13T09:32:13","slug":"silius-vos-21","status":"publish","type":"product","link":"https:\/\/atriumvitis.com\/tiendavinos\/producto\/silius-vos-21\/","title":{"rendered":"Silius VOS 21"},"content":{"rendered":"<div id=\"m_2695919294789375980gmail-:1e4\" dir=\"LTR\">\n<div id=\"m_2695919294789375980gmail-:1e3\" dir=\"LTR\">\n<p><span style=\"font-family: comic sans ms, sans-serif;\"><b>Silius V.O.S.\u00a0<\/b><\/span><\/p>\n<p><span style=\"color: #222222; font-family: comic sans ms, sans-serif;\">En a\u00f1ada 2021 variedad 100% albari\u00f1o.<\/span><\/p>\n<p><span style=\"color: #222222; font-family: comic sans ms, sans-serif;\">Procedente de parcela con suelo arcilloso y cantos rodados.<\/span><\/p>\n<p><span style=\"color: #222222; font-family: comic sans ms, sans-serif;\">1.300 botellas.<\/span><\/p>\n<p><span style=\"color: #222222; font-family: comic sans ms, sans-serif;\">Crianza sobre l\u00edas durante 9 meses. Vino no filtrado, suave desbastado.<\/span><\/p>\n<p><span style=\"font-family: comic sans ms, sans-serif;\">Grado alcoh\u00f3lico 13\u00ba\u00a0\u00a0<\/span><\/p>\n<p><span style=\"color: #222222; font-family: comic sans ms, sans-serif;\">Vi\u00f1as entre 60 y 35 a\u00f1os.<\/span><\/p>\n<p><span style=\"color: #222222; font-family: comic sans ms, sans-serif;\">Versi\u00f3n Original de un albari\u00f1o en Ribeira Sacra. Tambi\u00e9n calificado por la D.O. en la a\u00f1ada 2014 como Velado, Oxidado y Sucio. De ah\u00ed su nombre VOS.<\/span><\/p>\n<p><span style=\"color: #222222; font-family: comic sans ms, sans-serif;\">Vino fresco, afrutado, con acidez moderada, si lo comparamos con albari\u00f1o de otras zonas, muy f\u00e1cil de beber, agradable muy vers\u00e1til en maridaje, con diferentes perfiles de clientes y triunfa en las catas a ciegas. Si bien tiene notas t\u00edpicas de la variedad, las caracter\u00edsticas del terreno y el clima m\u00e1s de interior caracterizan una tipicidad poco conocida. Es un vino de parcela.<\/span><\/p>\n<\/div>\n<\/div>\n","protected":false},"excerpt":{"rendered":"<p><span style=\"font-family: comic sans ms, sans-serif;\"><b>Silius V.O.S.\u00a0<\/b><\/span><\/p>\n<p><span style=\"color: #222222; font-family: comic sans ms, sans-serif;\">A\u00f1ada 2021 variedad 100% albari\u00f1o.<\/span><\/p>\n<p><span style=\"color: #222222; font-family: comic sans ms, sans-serif;\">Procedente de parcela con suelo arcilloso y cantos rodados.<\/span><\/p>\n","protected":false},"featured_media":335,"comment_status":"open","ping_status":"closed","template":"","meta":{"ocean_post_layout":"","ocean_both_sidebars_style":"","ocean_both_sidebars_content_width":0,"ocean_both_sidebars_sidebars_width":0,"ocean_sidebar":"0","ocean_second_sidebar":"0","ocean_disable_margins":"enable","ocean_add_body_class":"","ocean_shortcode_before_top_bar":"","ocean_shortcode_after_top_bar":"","ocean_shortcode_before_header":"","ocean_shortcode_after_header":"","ocean_has_shortcode":"","ocean_shortcode_after_title":"","ocean_shortcode_before_footer_widgets":"","ocean_shortcode_after_footer_widgets":"","ocean_shortcode_before_footer_bottom":"","ocean_shortcode_after_footer_bottom":"","ocean_display_top_bar":"default","ocean_display_header":"default","ocean_header_style":"","ocean_center_header_left_menu":"0","ocean_custom_header_template":"0","ocean_custom_logo":0,"ocean_custom_retina_logo":0,"ocean_custom_logo_max_width":0,"ocean_custom_logo_tablet_max_width":0,"ocean_custom_logo_mobile_max_width":0,"ocean_custom_logo_max_height":0,"ocean_custom_logo_tablet_max_height":0,"ocean_custom_logo_mobile_max_height":0,"ocean_header_custom_menu":"0","ocean_menu_typo_font_family":"0","ocean_menu_typo_font_subset":"","ocean_menu_typo_font_size":0,"ocean_menu_typo_font_size_tablet":0,"ocean_menu_typo_font_size_mobile":0,"ocean_menu_typo_font_size_unit":"px","ocean_menu_typo_font_weight":"","ocean_menu_typo_font_weight_tablet":"","ocean_menu_typo_font_weight_mobile":"","ocean_menu_typo_transform":"","ocean_menu_typo_transform_tablet":"","ocean_menu_typo_transform_mobile":"","ocean_menu_typo_line_height":0,"ocean_menu_typo_line_height_tablet":0,"ocean_menu_typo_line_height_mobile":0,"ocean_menu_typo_line_height_unit":"","ocean_menu_typo_spacing":0,"ocean_menu_typo_spacing_tablet":0,"ocean_menu_typo_spacing_mobile":0,"ocean_menu_typo_spacing_unit":"","ocean_menu_link_color":"","ocean_menu_link_color_hover":"","ocean_menu_link_color_active":"","ocean_menu_link_background":"","ocean_menu_link_hover_background":"","ocean_menu_link_active_background":"","ocean_menu_social_links_bg":"","ocean_menu_social_hover_links_bg":"","ocean_menu_social_links_color":"","ocean_menu_social_hover_links_color":"","ocean_disable_title":"default","ocean_disable_heading":"default","ocean_post_title":"","ocean_post_subheading":"","ocean_post_title_style":"","ocean_post_title_background_color":"","ocean_post_title_background":0,"ocean_post_title_bg_image_position":"","ocean_post_title_bg_image_attachment":"","ocean_post_title_bg_image_repeat":"","ocean_post_title_bg_image_size":"","ocean_post_title_height":0,"ocean_post_title_bg_overlay":0.5,"ocean_post_title_bg_overlay_color":"","ocean_disable_breadcrumbs":"default","ocean_breadcrumbs_color":"","ocean_breadcrumbs_separator_color":"","ocean_breadcrumbs_links_color":"","ocean_breadcrumbs_links_hover_color":"","ocean_display_footer_widgets":"default","ocean_display_footer_bottom":"default","ocean_custom_footer_template":"0"},"yoast_head":"<!-- This site is optimized with the Yoast SEO plugin v14.4.1 - https:\/\/yoast.com\/wordpress\/plugins\/seo\/ -->\n<title>Silius VOS 21 - Bodega Atrium Vitis | Vinos de parcela<\/title>\n<meta name=\"description\" content=\"Vino singular en Ribeira Sacra, 100% albari\u00f1o. Pru\u00e9balo, no te dejar\u00e1 indiferente... Sentir\u00e1s aromas y sabores muy ricos que mejorar\u00e1n tus comidas y cenas!!\" \/>\n<meta name=\"robots\" content=\"index, follow\" \/>\n<meta name=\"googlebot\" content=\"index, follow, max-snippet:-1, max-image-preview:large, max-video-preview:-1\" \/>\n<meta name=\"bingbot\" content=\"index, follow, max-snippet:-1, max-image-preview:large, max-video-preview:-1\" \/>\n<link rel=\"canonical\" href=\"https:\/\/atriumvitis.com\/tiendavinos\/producto\/silius-vos-21\/\" \/>\n<meta property=\"og:locale\" content=\"es_ES\" \/>\n<meta property=\"og:type\" content=\"article\" \/>\n<meta property=\"og:title\" content=\"Silius VOS 21 - Bodega Atrium Vitis | Vinos de parcela\" \/>\n<meta property=\"og:description\" content=\"Vino singular en Ribeira Sacra, 100% albari\u00f1o. Pru\u00e9balo, no te dejar\u00e1 indiferente... Sentir\u00e1s aromas y sabores muy ricos que mejorar\u00e1n tus comidas y cenas!!\" \/>\n<meta property=\"og:url\" content=\"https:\/\/atriumvitis.com\/tiendavinos\/producto\/silius-vos-21\/\" \/>\n<meta property=\"og:site_name\" content=\"Bodega Atrium Vitis | Vinos de parcela\" \/>\n<meta property=\"article:modified_time\" content=\"2026-05-13T09:32:13+00:00\" \/>\n<meta property=\"og:image\" content=\"https:\/\/atriumvitis.com\/tiendavinos\/wp-content\/uploads\/2019\/12\/vos.jpg\" \/>\n\t<meta property=\"og:image:width\" content=\"1355\" \/>\n\t<meta property=\"og:image:height\" content=\"2000\" \/>\n<meta name=\"twitter:card\" content=\"summary_large_image\" \/>\n<script type=\"application\/ld+json\" class=\"yoast-schema-graph\">{\"@context\":\"https:\/\/schema.org\",\"@graph\":[{\"@type\":\"Organization\",\"@id\":\"https:\/\/atriumvitis.com\/tiendavinos\/#organization\",\"name\":\"Atrium Vitis Bodega\",\"url\":\"https:\/\/atriumvitis.com\/tiendavinos\/\",\"sameAs\":[],\"logo\":{\"@type\":\"ImageObject\",\"@id\":\"https:\/\/atriumvitis.com\/tiendavinos\/#logo\",\"inLanguage\":\"es\",\"url\":\"https:\/\/atriumvitis.com\/tiendavinos\/wp-content\/uploads\/2020\/04\/logo_atriumvitis_46Kb-200px_ancho.png\",\"width\":200,\"height\":185,\"caption\":\"Atrium Vitis Bodega\"},\"image\":{\"@id\":\"https:\/\/atriumvitis.com\/tiendavinos\/#logo\"}},{\"@type\":\"WebSite\",\"@id\":\"https:\/\/atriumvitis.com\/tiendavinos\/#website\",\"url\":\"https:\/\/atriumvitis.com\/tiendavinos\/\",\"name\":\"Bodega Atrium Vitis | Vinos de parcela\",\"description\":\"Vinos de Ribeira Sacra elaborados por Bodega Atrium Vitis\",\"publisher\":{\"@id\":\"https:\/\/atriumvitis.com\/tiendavinos\/#organization\"},\"potentialAction\":[{\"@type\":\"SearchAction\",\"target\":\"https:\/\/atriumvitis.com\/tiendavinos\/?s={search_term_string}\",\"query-input\":\"required name=search_term_string\"}],\"inLanguage\":\"es\"},{\"@type\":\"ImageObject\",\"@id\":\"https:\/\/atriumvitis.com\/tiendavinos\/producto\/silius-vos-21\/#primaryimage\",\"inLanguage\":\"es\",\"url\":\"https:\/\/atriumvitis.com\/tiendavinos\/wp-content\/uploads\/2019\/12\/vos.jpg\",\"width\":1355,\"height\":2000},{\"@type\":\"WebPage\",\"@id\":\"https:\/\/atriumvitis.com\/tiendavinos\/producto\/silius-vos-21\/#webpage\",\"url\":\"https:\/\/atriumvitis.com\/tiendavinos\/producto\/silius-vos-21\/\",\"name\":\"Silius VOS 21 - Bodega Atrium Vitis | Vinos de parcela\",\"isPartOf\":{\"@id\":\"https:\/\/atriumvitis.com\/tiendavinos\/#website\"},\"primaryImageOfPage\":{\"@id\":\"https:\/\/atriumvitis.com\/tiendavinos\/producto\/silius-vos-21\/#primaryimage\"},\"datePublished\":\"2022-07-24T07:43:41+00:00\",\"dateModified\":\"2026-05-13T09:32:13+00:00\",\"description\":\"Vino singular en Ribeira Sacra, 100% albari\\u00f1o. Pru\\u00e9balo, no te dejar\\u00e1 indiferente... Sentir\\u00e1s aromas y sabores muy ricos que mejorar\\u00e1n tus comidas y cenas!!\",\"inLanguage\":\"es\",\"potentialAction\":[{\"@type\":\"ReadAction\",\"target\":[\"https:\/\/atriumvitis.com\/tiendavinos\/producto\/silius-vos-21\/\"]}]}]}<\/script>\n<!-- \/ Yoast SEO plugin. -->","_links":{"self":[{"href":"https:\/\/atriumvitis.com\/tiendavinos\/wp-json\/wp\/v2\/product\/7573"}],"collection":[{"href":"https:\/\/atriumvitis.com\/tiendavinos\/wp-json\/wp\/v2\/product"}],"about":[{"href":"https:\/\/atriumvitis.com\/tiendavinos\/wp-json\/wp\/v2\/types\/product"}],"replies":[{"embeddable":true,"href":"https:\/\/atriumvitis.com\/tiendavinos\/wp-json\/wp\/v2\/comments?post=7573"}],"version-history":[{"count":2,"href":"https:\/\/atriumvitis.com\/tiendavinos\/wp-json\/wp\/v2\/product\/7573\/revisions"}],"predecessor-version":[{"id":7575,"href":"https:\/\/atriumvitis.com\/tiendavinos\/wp-json\/wp\/v2\/product\/7573\/revisions\/7575"}],"wp:featuredmedia":[{"embeddable":true,"href":"https:\/\/atriumvitis.com\/tiendavinos\/wp-json\/wp\/v2\/media\/335"}],"wp:attachment":[{"href":"https:\/\/atriumvitis.com\/tiendavinos\/wp-json\/wp\/v2\/media?parent=7573"}],"curies":[{"name":"wp","href":"https:\/\/api.w.org\/{rel}","templated":true}]}}