{"id":7207,"date":"2021-11-16T19:23:26","date_gmt":"2021-11-16T18:23:26","guid":{"rendered":"https:\/\/atriumvitis.com\/tiendavinos\/?post_type=product&#038;p=7207"},"modified":"2026-04-16T21:31:25","modified_gmt":"2026-04-16T19:31:25","slug":"quinta-toucedo-pelouro-19","status":"publish","type":"product","link":"https:\/\/atriumvitis.com\/tiendavinos\/producto\/quinta-toucedo-pelouro-19\/","title":{"rendered":"Quinta Toucedo Pelouro 19"},"content":{"rendered":"<p><b><span style=\"font-family: comic sans ms, sans-serif;\">QUINTA TOUCEDO Pelouro<\/span><\/b><\/p>\n<p><span style=\"font-family: comic sans ms, sans-serif;\">A\u00f1ada 2019, variedad 75% menc\u00eda 25 % brancellao.<\/span><\/p>\n<p><span style=\"font-family: comic sans ms, sans-serif;\">Procedente de la parcela Caspedro, con suelo arcilloso y cantos rodados (pelouros).<\/span><\/p>\n<p><span style=\"font-family: comic sans ms, sans-serif;\">2.200 botellas.\u00a0<\/span><\/p>\n<p><span style=\"font-family: comic sans ms, sans-serif;\">Graduaci\u00f3n alcoh\u00f3lica 14\u00ba<\/span><\/p>\n<p><span style=\"font-family: comic sans ms, sans-serif;\">Vi\u00f1edo de m\u00e1s de 80 a\u00f1os. Vino elaborado de forma artesanal con bazuqueo manual, fermentaci\u00f3n con sus propias levaduras.<\/span><\/p>\n<p><span style=\"font-family: comic sans ms, sans-serif;\">Es un vino muy redondo, sedoso, capa media alta, en nariz es afrutado con un toque especiado, sabor intenso a pesar de no haber pasado por madera. Vino muy equilibrado, no aparenta su graduaci\u00f3n.<\/span><\/p>\n","protected":false},"excerpt":{"rendered":"<p><b><span style=\"font-family: comic sans ms, sans-serif;\">QUINTA TOUCEDO Pelouro<\/span><\/b><\/p>\n<p><span style=\"font-family: comic sans ms, sans-serif;\">A\u00f1ada 2019, con variedades menc\u00eda 75% y brancellao 25 %<\/span><\/p>\n","protected":false},"featured_media":342,"comment_status":"open","ping_status":"closed","template":"","meta":{"ocean_post_layout":"","ocean_both_sidebars_style":"","ocean_both_sidebars_content_width":0,"ocean_both_sidebars_sidebars_width":0,"ocean_sidebar":"0","ocean_second_sidebar":"0","ocean_disable_margins":"enable","ocean_add_body_class":"","ocean_shortcode_before_top_bar":"","ocean_shortcode_after_top_bar":"","ocean_shortcode_before_header":"","ocean_shortcode_after_header":"","ocean_has_shortcode":"","ocean_shortcode_after_title":"","ocean_shortcode_before_footer_widgets":"","ocean_shortcode_after_footer_widgets":"","ocean_shortcode_before_footer_bottom":"","ocean_shortcode_after_footer_bottom":"","ocean_display_top_bar":"default","ocean_display_header":"default","ocean_header_style":"","ocean_center_header_left_menu":"0","ocean_custom_header_template":"0","ocean_custom_logo":0,"ocean_custom_retina_logo":0,"ocean_custom_logo_max_width":0,"ocean_custom_logo_tablet_max_width":0,"ocean_custom_logo_mobile_max_width":0,"ocean_custom_logo_max_height":0,"ocean_custom_logo_tablet_max_height":0,"ocean_custom_logo_mobile_max_height":0,"ocean_header_custom_menu":"0","ocean_menu_typo_font_family":"0","ocean_menu_typo_font_subset":"","ocean_menu_typo_font_size":0,"ocean_menu_typo_font_size_tablet":0,"ocean_menu_typo_font_size_mobile":0,"ocean_menu_typo_font_size_unit":"px","ocean_menu_typo_font_weight":"","ocean_menu_typo_font_weight_tablet":"","ocean_menu_typo_font_weight_mobile":"","ocean_menu_typo_transform":"","ocean_menu_typo_transform_tablet":"","ocean_menu_typo_transform_mobile":"","ocean_menu_typo_line_height":0,"ocean_menu_typo_line_height_tablet":0,"ocean_menu_typo_line_height_mobile":0,"ocean_menu_typo_line_height_unit":"","ocean_menu_typo_spacing":0,"ocean_menu_typo_spacing_tablet":0,"ocean_menu_typo_spacing_mobile":0,"ocean_menu_typo_spacing_unit":"","ocean_menu_link_color":"","ocean_menu_link_color_hover":"","ocean_menu_link_color_active":"","ocean_menu_link_background":"","ocean_menu_link_hover_background":"","ocean_menu_link_active_background":"","ocean_menu_social_links_bg":"","ocean_menu_social_hover_links_bg":"","ocean_menu_social_links_color":"","ocean_menu_social_hover_links_color":"","ocean_disable_title":"default","ocean_disable_heading":"default","ocean_post_title":"","ocean_post_subheading":"","ocean_post_title_style":"","ocean_post_title_background_color":"","ocean_post_title_background":0,"ocean_post_title_bg_image_position":"","ocean_post_title_bg_image_attachment":"","ocean_post_title_bg_image_repeat":"","ocean_post_title_bg_image_size":"","ocean_post_title_height":0,"ocean_post_title_bg_overlay":0.5,"ocean_post_title_bg_overlay_color":"","ocean_disable_breadcrumbs":"default","ocean_breadcrumbs_color":"","ocean_breadcrumbs_separator_color":"","ocean_breadcrumbs_links_color":"","ocean_breadcrumbs_links_hover_color":"","ocean_display_footer_widgets":"default","ocean_display_footer_bottom":"default","ocean_custom_footer_template":"0"},"yoast_head":"<!-- This site is optimized with the Yoast SEO plugin v14.4.1 - https:\/\/yoast.com\/wordpress\/plugins\/seo\/ -->\n<title>Quinta Toucedo Pelouro 19 - Bodega Atrium Vitis | Vinos de parcela<\/title>\n<meta name=\"robots\" content=\"index, follow\" \/>\n<meta name=\"googlebot\" content=\"index, follow, max-snippet:-1, max-image-preview:large, max-video-preview:-1\" \/>\n<meta name=\"bingbot\" content=\"index, follow, max-snippet:-1, max-image-preview:large, max-video-preview:-1\" \/>\n<link rel=\"canonical\" href=\"https:\/\/atriumvitis.com\/tiendavinos\/producto\/quinta-toucedo-pelouro-19\/\" \/>\n<meta property=\"og:locale\" content=\"es_ES\" \/>\n<meta property=\"og:type\" content=\"article\" \/>\n<meta property=\"og:title\" content=\"Quinta Toucedo Pelouro 19 - Bodega Atrium Vitis | Vinos de parcela\" \/>\n<meta property=\"og:description\" content=\"QUINTA TOUCEDO Pelouro  A\u00f1ada 2019, con variedades menc\u00eda 75% y brancellao 25 %\" \/>\n<meta property=\"og:url\" content=\"https:\/\/atriumvitis.com\/tiendavinos\/producto\/quinta-toucedo-pelouro-19\/\" \/>\n<meta property=\"og:site_name\" content=\"Bodega Atrium Vitis | Vinos de parcela\" \/>\n<meta property=\"article:modified_time\" content=\"2026-04-16T19:31:25+00:00\" \/>\n<meta property=\"og:image\" content=\"https:\/\/atriumvitis.com\/tiendavinos\/wp-content\/uploads\/2019\/12\/peloura-2.jpg\" \/>\n\t<meta property=\"og:image:width\" content=\"1355\" \/>\n\t<meta property=\"og:image:height\" content=\"2000\" \/>\n<meta name=\"twitter:card\" content=\"summary_large_image\" \/>\n<script type=\"application\/ld+json\" class=\"yoast-schema-graph\">{\"@context\":\"https:\/\/schema.org\",\"@graph\":[{\"@type\":\"Organization\",\"@id\":\"https:\/\/atriumvitis.com\/tiendavinos\/#organization\",\"name\":\"Atrium Vitis Bodega\",\"url\":\"https:\/\/atriumvitis.com\/tiendavinos\/\",\"sameAs\":[],\"logo\":{\"@type\":\"ImageObject\",\"@id\":\"https:\/\/atriumvitis.com\/tiendavinos\/#logo\",\"inLanguage\":\"es\",\"url\":\"https:\/\/atriumvitis.com\/tiendavinos\/wp-content\/uploads\/2020\/04\/logo_atriumvitis_46Kb-200px_ancho.png\",\"width\":200,\"height\":185,\"caption\":\"Atrium Vitis Bodega\"},\"image\":{\"@id\":\"https:\/\/atriumvitis.com\/tiendavinos\/#logo\"}},{\"@type\":\"WebSite\",\"@id\":\"https:\/\/atriumvitis.com\/tiendavinos\/#website\",\"url\":\"https:\/\/atriumvitis.com\/tiendavinos\/\",\"name\":\"Bodega Atrium Vitis | Vinos de parcela\",\"description\":\"Vinos de Ribeira Sacra elaborados por Bodega Atrium Vitis\",\"publisher\":{\"@id\":\"https:\/\/atriumvitis.com\/tiendavinos\/#organization\"},\"potentialAction\":[{\"@type\":\"SearchAction\",\"target\":\"https:\/\/atriumvitis.com\/tiendavinos\/?s={search_term_string}\",\"query-input\":\"required name=search_term_string\"}],\"inLanguage\":\"es\"},{\"@type\":\"ImageObject\",\"@id\":\"https:\/\/atriumvitis.com\/tiendavinos\/producto\/quinta-toucedo-pelouro-19\/#primaryimage\",\"inLanguage\":\"es\",\"url\":\"https:\/\/atriumvitis.com\/tiendavinos\/wp-content\/uploads\/2019\/12\/peloura-2.jpg\",\"width\":1355,\"height\":2000},{\"@type\":\"WebPage\",\"@id\":\"https:\/\/atriumvitis.com\/tiendavinos\/producto\/quinta-toucedo-pelouro-19\/#webpage\",\"url\":\"https:\/\/atriumvitis.com\/tiendavinos\/producto\/quinta-toucedo-pelouro-19\/\",\"name\":\"Quinta Toucedo Pelouro 19 - Bodega Atrium Vitis | Vinos de parcela\",\"isPartOf\":{\"@id\":\"https:\/\/atriumvitis.com\/tiendavinos\/#website\"},\"primaryImageOfPage\":{\"@id\":\"https:\/\/atriumvitis.com\/tiendavinos\/producto\/quinta-toucedo-pelouro-19\/#primaryimage\"},\"datePublished\":\"2021-11-16T18:23:26+00:00\",\"dateModified\":\"2026-04-16T19:31:25+00:00\",\"inLanguage\":\"es\",\"potentialAction\":[{\"@type\":\"ReadAction\",\"target\":[\"https:\/\/atriumvitis.com\/tiendavinos\/producto\/quinta-toucedo-pelouro-19\/\"]}]}]}<\/script>\n<!-- \/ Yoast SEO plugin. -->","_links":{"self":[{"href":"https:\/\/atriumvitis.com\/tiendavinos\/wp-json\/wp\/v2\/product\/7207"}],"collection":[{"href":"https:\/\/atriumvitis.com\/tiendavinos\/wp-json\/wp\/v2\/product"}],"about":[{"href":"https:\/\/atriumvitis.com\/tiendavinos\/wp-json\/wp\/v2\/types\/product"}],"replies":[{"embeddable":true,"href":"https:\/\/atriumvitis.com\/tiendavinos\/wp-json\/wp\/v2\/comments?post=7207"}],"version-history":[{"count":1,"href":"https:\/\/atriumvitis.com\/tiendavinos\/wp-json\/wp\/v2\/product\/7207\/revisions"}],"predecessor-version":[{"id":7208,"href":"https:\/\/atriumvitis.com\/tiendavinos\/wp-json\/wp\/v2\/product\/7207\/revisions\/7208"}],"wp:featuredmedia":[{"embeddable":true,"href":"https:\/\/atriumvitis.com\/tiendavinos\/wp-json\/wp\/v2\/media\/342"}],"wp:attachment":[{"href":"https:\/\/atriumvitis.com\/tiendavinos\/wp-json\/wp\/v2\/media?parent=7207"}],"curies":[{"name":"wp","href":"https:\/\/api.w.org\/{rel}","templated":true}]}}