{"id":7186,"date":"2021-11-16T17:18:16","date_gmt":"2021-11-16T16:18:16","guid":{"rendered":"https:\/\/atriumvitis.com\/tiendavinos\/?post_type=product&#038;p=7186"},"modified":"2026-05-05T15:16:41","modified_gmt":"2026-05-05T13:16:41","slug":"silius-raspon-19","status":"publish","type":"product","link":"https:\/\/atriumvitis.com\/tiendavinos\/producto\/silius-raspon-19\/","title":{"rendered":"Silius Rasp\u00f3n 19"},"content":{"rendered":"<p><b><span style=\"font-family: comic sans ms, sans-serif;\">SILIUS rasp\u00f3n<\/span><\/b><\/p>\n<p><span style=\"font-family: comic sans ms, sans-serif;\">A\u00f1ada 2019. variedad menc\u00eda, brancellao, sous\u00f3n, garnacha, merenzao.<\/span><\/p>\n<p><span style=\"font-family: comic sans ms, sans-serif;\">660 botellas.<\/span><\/p>\n<p><span style=\"font-family: comic sans ms, sans-serif;\">Vi\u00f1as entre 90 y 25 a\u00f1os. Parcela hist\u00f3rica. Vi\u00f1edo recuperado. Cepas en vaso. Trabajo en vi\u00f1edo manual sin mecanizaci\u00f3n.<\/span><\/p>\n<p><span style=\"font-family: comic sans ms, sans-serif;\">Elaboraci\u00f3n artesanal con pisado y fermentaci\u00f3n en fudre de roble franc\u00e9s sin retirar su rasp\u00f3n. Crianza en barrica usada de 500l de roble franc\u00e9s durante 10 meses. Bazuqueo manual. Fermentaci\u00f3n espont\u00e1nea con sus propias levaduras.\u00a0<\/span><\/p>\n<p><span style=\"font-family: comic sans ms, sans-serif;\">Grado alcoh\u00f3lico 14,2\u00ba<\/span><\/p>\n<p><span style=\"font-family: comic sans ms, sans-serif;\">En esta a\u00f1ada resulta ser un vino con cuerpo, gran estructura, al abrirlo la fruta es discreta al principio, en boca es potente y una vez abierto los aromas especiados van dejando paso a la fruta que se manifiesta incluso d\u00edas despu\u00e9s de estar abierto. Vino con larga vida en botella.<\/span><\/p>\n","protected":false},"excerpt":{"rendered":"<p><b><span style=\"font-family: comic sans ms, sans-serif;\">SILIUS rasp\u00f3n<\/span><\/b><\/p>\n<p><span style=\"font-family: comic sans ms, sans-serif;\">A\u00f1ada 2019. variedad menc\u00eda, brancellao, sous\u00f3n, garnacha, merenzao.<\/span><\/p>\n<p><span style=\"font-family: comic sans ms, sans-serif;\">660 botellas.<\/span><\/p>\n","protected":false},"featured_media":615,"comment_status":"open","ping_status":"closed","template":"","meta":{"ocean_post_layout":"","ocean_both_sidebars_style":"","ocean_both_sidebars_content_width":0,"ocean_both_sidebars_sidebars_width":0,"ocean_sidebar":"0","ocean_second_sidebar":"0","ocean_disable_margins":"enable","ocean_add_body_class":"","ocean_shortcode_before_top_bar":"","ocean_shortcode_after_top_bar":"","ocean_shortcode_before_header":"","ocean_shortcode_after_header":"","ocean_has_shortcode":"","ocean_shortcode_after_title":"","ocean_shortcode_before_footer_widgets":"","ocean_shortcode_after_footer_widgets":"","ocean_shortcode_before_footer_bottom":"","ocean_shortcode_after_footer_bottom":"","ocean_display_top_bar":"default","ocean_display_header":"default","ocean_header_style":"","ocean_center_header_left_menu":"0","ocean_custom_header_template":"0","ocean_custom_logo":0,"ocean_custom_retina_logo":0,"ocean_custom_logo_max_width":0,"ocean_custom_logo_tablet_max_width":0,"ocean_custom_logo_mobile_max_width":0,"ocean_custom_logo_max_height":0,"ocean_custom_logo_tablet_max_height":0,"ocean_custom_logo_mobile_max_height":0,"ocean_header_custom_menu":"0","ocean_menu_typo_font_family":"0","ocean_menu_typo_font_subset":"","ocean_menu_typo_font_size":0,"ocean_menu_typo_font_size_tablet":0,"ocean_menu_typo_font_size_mobile":0,"ocean_menu_typo_font_size_unit":"px","ocean_menu_typo_font_weight":"","ocean_menu_typo_font_weight_tablet":"","ocean_menu_typo_font_weight_mobile":"","ocean_menu_typo_transform":"","ocean_menu_typo_transform_tablet":"","ocean_menu_typo_transform_mobile":"","ocean_menu_typo_line_height":0,"ocean_menu_typo_line_height_tablet":0,"ocean_menu_typo_line_height_mobile":0,"ocean_menu_typo_line_height_unit":"","ocean_menu_typo_spacing":0,"ocean_menu_typo_spacing_tablet":0,"ocean_menu_typo_spacing_mobile":0,"ocean_menu_typo_spacing_unit":"","ocean_menu_link_color":"","ocean_menu_link_color_hover":"","ocean_menu_link_color_active":"","ocean_menu_link_background":"","ocean_menu_link_hover_background":"","ocean_menu_link_active_background":"","ocean_menu_social_links_bg":"","ocean_menu_social_hover_links_bg":"","ocean_menu_social_links_color":"","ocean_menu_social_hover_links_color":"","ocean_disable_title":"default","ocean_disable_heading":"default","ocean_post_title":"","ocean_post_subheading":"","ocean_post_title_style":"","ocean_post_title_background_color":"","ocean_post_title_background":0,"ocean_post_title_bg_image_position":"","ocean_post_title_bg_image_attachment":"","ocean_post_title_bg_image_repeat":"","ocean_post_title_bg_image_size":"","ocean_post_title_height":0,"ocean_post_title_bg_overlay":0.5,"ocean_post_title_bg_overlay_color":"","ocean_disable_breadcrumbs":"default","ocean_breadcrumbs_color":"","ocean_breadcrumbs_separator_color":"","ocean_breadcrumbs_links_color":"","ocean_breadcrumbs_links_hover_color":"","ocean_display_footer_widgets":"default","ocean_display_footer_bottom":"default","ocean_custom_footer_template":"0"},"yoast_head":"<!-- This site is optimized with the Yoast SEO plugin v14.4.1 - https:\/\/yoast.com\/wordpress\/plugins\/seo\/ -->\n<title>Silius Rasp\u00f3n 19 - Bodega Atrium Vitis | Vinos de parcela<\/title>\n<meta name=\"robots\" content=\"index, follow\" \/>\n<meta name=\"googlebot\" content=\"index, follow, max-snippet:-1, max-image-preview:large, max-video-preview:-1\" \/>\n<meta name=\"bingbot\" content=\"index, follow, max-snippet:-1, max-image-preview:large, max-video-preview:-1\" \/>\n<link rel=\"canonical\" href=\"https:\/\/atriumvitis.com\/tiendavinos\/producto\/silius-raspon-19\/\" \/>\n<meta property=\"og:locale\" content=\"es_ES\" \/>\n<meta property=\"og:type\" content=\"article\" \/>\n<meta property=\"og:title\" content=\"Silius Rasp\u00f3n 19 - Bodega Atrium Vitis | Vinos de parcela\" \/>\n<meta property=\"og:description\" content=\"SILIUS rasp\u00f3n  A\u00f1ada 2019. variedad menc\u00eda, brancellao, sous\u00f3n, garnacha, merenzao.  660 botellas.\" \/>\n<meta property=\"og:url\" content=\"https:\/\/atriumvitis.com\/tiendavinos\/producto\/silius-raspon-19\/\" \/>\n<meta property=\"og:site_name\" content=\"Bodega Atrium Vitis | Vinos de parcela\" \/>\n<meta property=\"article:modified_time\" content=\"2026-05-05T13:16:41+00:00\" \/>\n<meta property=\"og:image\" content=\"https:\/\/atriumvitis.com\/tiendavinos\/wp-content\/uploads\/2020\/01\/Raspon18_2000x72px.jpg\" \/>\n\t<meta property=\"og:image:width\" content=\"1354\" \/>\n\t<meta property=\"og:image:height\" content=\"2000\" \/>\n<meta name=\"twitter:card\" content=\"summary_large_image\" \/>\n<script type=\"application\/ld+json\" class=\"yoast-schema-graph\">{\"@context\":\"https:\/\/schema.org\",\"@graph\":[{\"@type\":\"Organization\",\"@id\":\"https:\/\/atriumvitis.com\/tiendavinos\/#organization\",\"name\":\"Atrium Vitis Bodega\",\"url\":\"https:\/\/atriumvitis.com\/tiendavinos\/\",\"sameAs\":[],\"logo\":{\"@type\":\"ImageObject\",\"@id\":\"https:\/\/atriumvitis.com\/tiendavinos\/#logo\",\"inLanguage\":\"es\",\"url\":\"https:\/\/atriumvitis.com\/tiendavinos\/wp-content\/uploads\/2020\/04\/logo_atriumvitis_46Kb-200px_ancho.png\",\"width\":200,\"height\":185,\"caption\":\"Atrium Vitis Bodega\"},\"image\":{\"@id\":\"https:\/\/atriumvitis.com\/tiendavinos\/#logo\"}},{\"@type\":\"WebSite\",\"@id\":\"https:\/\/atriumvitis.com\/tiendavinos\/#website\",\"url\":\"https:\/\/atriumvitis.com\/tiendavinos\/\",\"name\":\"Bodega Atrium Vitis | Vinos de parcela\",\"description\":\"Vinos de Ribeira Sacra elaborados por Bodega Atrium Vitis\",\"publisher\":{\"@id\":\"https:\/\/atriumvitis.com\/tiendavinos\/#organization\"},\"potentialAction\":[{\"@type\":\"SearchAction\",\"target\":\"https:\/\/atriumvitis.com\/tiendavinos\/?s={search_term_string}\",\"query-input\":\"required name=search_term_string\"}],\"inLanguage\":\"es\"},{\"@type\":\"ImageObject\",\"@id\":\"https:\/\/atriumvitis.com\/tiendavinos\/producto\/silius-raspon-19\/#primaryimage\",\"inLanguage\":\"es\",\"url\":\"https:\/\/atriumvitis.com\/tiendavinos\/wp-content\/uploads\/2020\/01\/Raspon18_2000x72px.jpg\",\"width\":1354,\"height\":2000},{\"@type\":\"WebPage\",\"@id\":\"https:\/\/atriumvitis.com\/tiendavinos\/producto\/silius-raspon-19\/#webpage\",\"url\":\"https:\/\/atriumvitis.com\/tiendavinos\/producto\/silius-raspon-19\/\",\"name\":\"Silius Rasp\\u00f3n 19 - Bodega Atrium Vitis | Vinos de parcela\",\"isPartOf\":{\"@id\":\"https:\/\/atriumvitis.com\/tiendavinos\/#website\"},\"primaryImageOfPage\":{\"@id\":\"https:\/\/atriumvitis.com\/tiendavinos\/producto\/silius-raspon-19\/#primaryimage\"},\"datePublished\":\"2021-11-16T16:18:16+00:00\",\"dateModified\":\"2026-05-05T13:16:41+00:00\",\"inLanguage\":\"es\",\"potentialAction\":[{\"@type\":\"ReadAction\",\"target\":[\"https:\/\/atriumvitis.com\/tiendavinos\/producto\/silius-raspon-19\/\"]}]}]}<\/script>\n<!-- \/ Yoast SEO plugin. -->","_links":{"self":[{"href":"https:\/\/atriumvitis.com\/tiendavinos\/wp-json\/wp\/v2\/product\/7186"}],"collection":[{"href":"https:\/\/atriumvitis.com\/tiendavinos\/wp-json\/wp\/v2\/product"}],"about":[{"href":"https:\/\/atriumvitis.com\/tiendavinos\/wp-json\/wp\/v2\/types\/product"}],"replies":[{"embeddable":true,"href":"https:\/\/atriumvitis.com\/tiendavinos\/wp-json\/wp\/v2\/comments?post=7186"}],"version-history":[{"count":1,"href":"https:\/\/atriumvitis.com\/tiendavinos\/wp-json\/wp\/v2\/product\/7186\/revisions"}],"predecessor-version":[{"id":7187,"href":"https:\/\/atriumvitis.com\/tiendavinos\/wp-json\/wp\/v2\/product\/7186\/revisions\/7187"}],"wp:featuredmedia":[{"embeddable":true,"href":"https:\/\/atriumvitis.com\/tiendavinos\/wp-json\/wp\/v2\/media\/615"}],"wp:attachment":[{"href":"https:\/\/atriumvitis.com\/tiendavinos\/wp-json\/wp\/v2\/media?parent=7186"}],"curies":[{"name":"wp","href":"https:\/\/api.w.org\/{rel}","templated":true}]}}