{"id":3,"date":"2019-12-02T11:12:23","date_gmt":"2019-12-02T11:12:23","guid":{"rendered":"https:\/\/atriumvitis.com\/tiendavinos\/?page_id=3"},"modified":"2021-04-11T20:55:04","modified_gmt":"2021-04-11T18:55:04","slug":"aviso-legal","status":"publish","type":"page","link":"https:\/\/atriumvitis.com\/tiendavinos\/aviso-legal\/","title":{"rendered":"Aviso Legal"},"content":{"rendered":"\t\t<div data-elementor-type=\"wp-page\" data-elementor-id=\"3\" class=\"elementor elementor-3\">\n\t\t\t\t\t\t<section class=\"elementor-section elementor-top-section elementor-element elementor-element-6de2c777 elementor-section-boxed elementor-section-height-default elementor-section-height-default\" data-id=\"6de2c777\" data-element_type=\"section\">\n\t\t\t\t\t\t<div class=\"elementor-container elementor-column-gap-default\">\n\t\t\t\t\t<div class=\"elementor-column elementor-col-100 elementor-top-column elementor-element elementor-element-38535d78\" data-id=\"38535d78\" data-element_type=\"column\">\n\t\t\t<div class=\"elementor-widget-wrap elementor-element-populated\">\n\t\t\t\t\t\t<div class=\"elementor-element elementor-element-b0732fd elementor-widget elementor-widget-heading\" data-id=\"b0732fd\" data-element_type=\"widget\" data-widget_type=\"heading.default\">\n\t\t\t\t<div class=\"elementor-widget-container\">\n\t\t\t<h1 class=\"elementor-heading-title elementor-size-default\">Aviso Legal<\/h1>\t\t<\/div>\n\t\t\t\t<\/div>\n\t\t\t\t<div class=\"elementor-element elementor-element-16534e2f elementor-widget elementor-widget-text-editor\" data-id=\"16534e2f\" data-element_type=\"widget\" data-widget_type=\"text-editor.default\">\n\t\t\t\t<div class=\"elementor-widget-container\">\n\t\t\t\t\t\t\t<p><!-- wp:heading --><\/p>\n<p style=\"font-weight: 400;\"><b><strong>Condiciones de uso: Objeto y Aceptaci\u00f3n<\/strong><\/b><\/p>\n<p style=\"font-weight: 400;\">Estas condiciones generales regulan el uso del servicio de portal de internet\u00a0<b><strong>www.atriumvitis.com<\/strong><\/b>\u00a0(en adelante, el &#8220;Portal&#8221;). La utilizaci\u00f3n del Portal atribuye la condici\u00f3n de usuario del Portal (en adelante, el &#8220;Usuario&#8221;) y expresa la adhesi\u00f3n plena y sin reservas del Usuario a todas y cada una de las Condiciones Generales en la versi\u00f3n publicada por\u00a0<span style=\"font-variant-ligatures: normal; font-variant-caps: normal; font-family: Poppins, sans-serif; font-size: 15px; font-style: normal; font-weight: bold;\"><span style=\"font-size: 15px; font-weight: 600;\">www.atriumvitis.com<\/span><\/span>\u00a0en el momento mismo en que el Usuario acceda al Portal. En consecuencia, el Usuario debe leer atentamente la Pol\u00edtica de Privacidad en cada una de las ocasiones en que se proponga utilizar el Portal. El acceso a y\/o la utilizaci\u00f3n de ciertos servicios y contenidos ofrecidos a los Usuarios en y\/o a trav\u00e9s del Portal se encuentra sometida a ciertas condiciones particulares propias que, seg\u00fan los casos, sustituyen, completan y\/o modifican a las de Pol\u00edtica de Privacidad (en adelante, las &#8220;Condiciones Particulares&#8221;). Con anterioridad al acceso y\/o la utilizaci\u00f3n de dichos servicios y contenidos, por tanto, el Usuario ha de leer atentamente tambi\u00e9n las correspondientes Condiciones Particulares. El acceso a y\/o la utilizaci\u00f3n de dichos servicios y contenidos expresa la entera e incondicional aceptaci\u00f3n de las Condiciones Particulares en la versi\u00f3n publicada por\u00a0<span style=\"font-variant-ligatures: normal; font-variant-caps: normal; font-family: Poppins, sans-serif; font-size: 15px; font-style: normal; font-weight: bold;\"><span style=\"font-size: 15px; font-weight: 600;\">www.atriumvitis.com<\/span><\/span>\u00a0en el momento en que se produzca dicho acceso y\/o utilizaci\u00f3n.\u00a0<span style=\"font-variant-ligatures: normal; font-variant-caps: normal; font-family: Poppins, sans-serif; font-size: 15px; font-style: normal; font-weight: bold;\"><span style=\"font-size: 15px; font-weight: 600;\">www.atriumvitis.com<\/span><\/span>\u00a0se reserva el derecho de modificar o eliminar en cualquier momento y sin aviso previo la presentaci\u00f3n del portal, las condiciones de su utilizaci\u00f3n, los servicios ofrecidos y las condiciones para acceder y\/o utilizar esos servicios.<\/p>\n<p style=\"font-weight: 400;\"><b><strong>Condiciones de acceso y Utilizaci\u00f3n del portal<\/strong><\/b><\/p>\n<p style=\"font-weight: 400;\">El Usuario se compromete a utilizar el Portal y los Servicios de manera conforme con la ley, con lo dispuesto en Pol\u00edtica de Privacidad, la moral y buenas costumbres generalmente aceptadas y el orden p\u00fablico, y se obliga a abstenerse de utilizar el Portal y los Servicios con fines o efectos il\u00edcitos, contrarios a lo establecido en las presentes Pol\u00edtica de Privacidad, lesivos de los derechos e intereses de terceros, o que de cualquier forma puedan da\u00f1ar, inutilizar, sobrecargar o deteriorar el Portal y los Servicios o impedir la normal utilizaci\u00f3n o disfrute del Portal y de los Servicios por parte de los Usuarios. El Usuario se abstendr\u00e1 de modificar, copiar, distribuir, transmitir, divulgar, utilizar, reproducir, publicar, licenciar, ceder, vender ni crear trabajos derivados a partir de la informaci\u00f3n recibida del portal. El Usuario reconoce y acepta que\u00a0<span style=\"font-variant-ligatures: normal; font-variant-caps: normal; font-family: Poppins, sans-serif; font-size: 15px; font-style: normal; font-weight: bold;\"><span style=\"font-size: 15px; font-weight: 600;\">www.atriumvitis.com<\/span><\/span>\u00a0podr\u00e1 en cualquier momento y sin notificaci\u00f3n previa y a su plena discreci\u00f3n, negar el acceso al Usuario al portal, cuando\u00a0<span style=\"font-variant-ligatures: normal; font-variant-caps: normal; font-family: Poppins, sans-serif; font-size: 15px; font-style: normal; font-weight: bold;\"><span style=\"font-size: 15px; font-weight: 600;\">www.atriumvitis.com<\/span><\/span>\u00a0considere que el Usuario ha incurrido en alg\u00fan incumplimiento a algunas de sus obligaciones incluidas en el Convenio; el Usuario no tendr\u00e1 derecho a reclamarle a\u00a0<span style=\"font-variant-ligatures: normal; font-variant-caps: normal; font-family: Poppins, sans-serif; font-size: 15px; font-style: normal; font-weight: bold;\"><span style=\"font-size: 15px; font-weight: 600;\">www.atriumvitis.com<\/span><\/span>\u00a0indemnizaci\u00f3n alguna que tal rescisi\u00f3n le hubiera causado.\u00a0<span style=\"font-variant-ligatures: normal; font-variant-caps: normal; font-family: Poppins, sans-serif; font-size: 15px; font-style: normal; font-weight: bold;\"><span style=\"font-size: 15px; font-weight: 600;\">www.atriumvitis.com<\/span><\/span>\u00a0en cualquier momento con o sin notificaci\u00f3n previa alguna, podr\u00e1 modificar todos o parte de los Servicios o el portal.<\/p>\n<p style=\"font-weight: 400;\"><b><strong>Datos de Car\u00e1cter Personal<\/strong><\/b><\/p>\n<p style=\"font-weight: 400;\">Para acceder a y\/o utilizar los Servicios de\u00a0<span style=\"font-variant-ligatures: normal; font-variant-caps: normal; font-family: Poppins, sans-serif; font-size: 15px; font-style: normal; font-weight: bold;\"><span style=\"font-size: 15px; font-weight: 600;\">www.atriumvitis.com<\/span><\/span>\u00a0es necesario que los Usuarios proporcionen previamente a\u00a0<span style=\"font-variant-ligatures: normal; font-variant-caps: normal; font-family: Poppins, sans-serif; font-size: 15px; font-style: normal; font-weight: bold;\"><span style=\"font-size: 15px; font-weight: 600;\">www.atriumvitis.com<\/span><\/span>\u00a0ciertos datos de car\u00e1cter personal (en adelante, los &#8220;Datos Personales&#8221;), que\u00a0<span style=\"font-size: 15px; font-weight: 600;\">www.atriumvitis.com<\/span><span style=\"font-size: 15px; font-weight: 400;\">\u00a0tratar\u00e1 e incorporar\u00e1 a un fichero automatizado. Los datos recogidos en esta web son a t\u00edtulo informativo;\u00a0<\/span><span style=\"font-variant-ligatures: normal; font-variant-caps: normal; font-family: Poppins, sans-serif; font-size: 15px; font-style: normal; font-weight: bold;\"><span style=\"font-size: 15px; font-weight: 600;\">www.atriumvitis.com<\/span><\/span><span style=\"font-size: 15px; font-weight: 400;\">\u00a0no se responsabiliza de las omisiones, imprecisiones o errores que pudiesen producirse en alg\u00fan momento en los datos y documentos aqu\u00ed facilitados, ni de las consecuencias que puedan originarse por su utilizaci\u00f3n. En ning\u00fan caso desde\u00a0<\/span><span style=\"font-variant-ligatures: normal; font-variant-caps: normal; font-family: Poppins, sans-serif; font-size: 15px; font-style: normal; font-weight: bold;\"><span style=\"font-size: 15px; font-weight: 600;\">www.atriumvitis.com<\/span><\/span><span style=\"font-size: 15px; font-weight: 400;\">\u00a0se proporcionar\u00e1 informaci\u00f3n a terceros que identifique a sus usuarios sin una autorizaci\u00f3n de \u00e9stos. Garantizamos la confidencialidad en el tratamiento de los datos de car\u00e1cter personal, as\u00ed como la implementaci\u00f3n de las medidas de \u00edndole t\u00e9cnica y organizativa que garantizan la seguridad de dichos datos. Todas estas circunstancias ser\u00e1n previa y debidamente advertidas por\u00a0<\/span><span style=\"font-variant-ligatures: normal; font-variant-caps: normal; font-family: Poppins, sans-serif; font-size: 15px; font-style: normal; font-weight: bold;\"><span style=\"font-size: 15px; font-weight: 600;\">www.atriumvitis.com\u00a0<\/span><\/span><span style=\"font-size: 15px; font-weight: 400;\">a los Usuarios, en los casos y en la forma en que ello resulta legalmente exigible.\u00a0<\/span><span style=\"font-variant-ligatures: normal; font-variant-caps: normal; font-family: Poppins, sans-serif; font-size: 15px; font-style: normal; font-weight: bold;\"><span style=\"font-size: 15px; font-weight: 600;\">www.atriumvitis.com<\/span><\/span><span style=\"font-size: 15px; font-weight: 400;\">\u00a0garantiza que ha adoptado las medidas oportunas de seguridad en sus instalaciones, sistemas y ficheros. Asimismo,\u00a0<\/span><span style=\"font-variant-ligatures: normal; font-variant-caps: normal; font-family: Poppins, sans-serif; font-size: 15px; font-style: normal; font-weight: bold;\"><span style=\"font-size: 15px; font-weight: 600;\">www.atriumvitis.com<\/span><\/span><span style=\"font-size: 15px; font-weight: 400;\">\u00a0garantiza la confidencialidad de los Datos Personales. Los Usuarios tienen reconocidos y podr\u00e1n ejercitar los derechos de acceso, cancelaci\u00f3n, rectificaci\u00f3n y oposici\u00f3n contactando con\u00a0<\/span><span style=\"font-variant-ligatures: normal; font-variant-caps: normal; font-family: Poppins, sans-serif; font-size: 15px; font-style: normal; font-weight: bold;\"><span style=\"font-size: 15px; font-weight: 600;\">www.atriumvitis.com<\/span><\/span><span style=\"font-size: 15px; font-weight: 400;\">\u00a0a trav\u00e9s del correo electr\u00f3nico\u00a0<\/span><a href=\"mailto: atriumvitis@gmail.com\" target=\"_blank\" rel=\"noopener\"><u>atriumvitis@gmail.com<\/u><\/a><span style=\"font-size: 15px; font-weight: 400;\">\u00a0<\/span><span style=\"font-size: 15px; font-weight: 400;\">o escribiendo a su domicilio social: Lugar de Toucedo, n\u00ba 5<\/span><em style=\"font-size: 15px; font-weight: 400;\">, CP 27320 Quiroga (Lugo)<\/em><span style=\"font-size: 15px; font-weight: 400;\">. Los Usuarios garantizan y responden, en cualquier caso, de la veracidad, exactitud, vigencia y autenticidad de los Datos Personales facilitados, y se comprometen a mantenerlos debidamente actualizados.<\/span><\/p>\n<p style=\"font-weight: 400;\"><b><strong>Responsabilidad<\/strong><\/b><\/p>\n<p style=\"font-weight: 400;\">El Usuario es consciente de, y acepta voluntariamente, que el uso del Portal, de los Servicios y de cualesquiera Contenidos tiene lugar, en todo caso, bajo su \u00fanica y exclusiva responsabilidad. El Usuario expresamente reconoce y acepta que\u00a0<span style=\"font-family: Poppins, sans-serif; font-size: 15px; font-style: normal; font-variant-ligatures: normal; font-variant-caps: normal; font-weight: 600;\">www.atriumvitis.com<\/span>\u00a0bajo ninguna circunstancia ser\u00e1 responsable por cualquier da\u00f1o directo, indirecto, emergente, lucro cesante, relacionados directa o indirectamente con el uso o la imposibilidad de usar el portal; la posibilidad o imposibilidad por parte del Usuario de utilizar los Servicios o la informaci\u00f3n obtenida de los Servicios o cualquier otra circunstancia directa o indirectamente relacionada con los Servicios o con la navegaci\u00f3n del Usuario en el portal. El Usuario expresamente reconoce y acepta que la utilizaci\u00f3n por su parte de los Servicios y del portal es a su exclusivo costo y riesgo.\u00a0<span style=\"font-family: Poppins, sans-serif; font-size: 15px; font-style: normal; font-variant-ligatures: normal; font-variant-caps: normal; font-weight: 600;\">www.atriumvitis.com<\/span>\u00a0no garantiza la exactitud de toda informaci\u00f3n, documentaci\u00f3n y precisi\u00f3n de los Servicios contenidos en el portal. Todo el material descargado por el Usuario del portal se realiza bajo la exclusiva responsabilidad del Usuario, no siendo\u00a0<span style=\"font-family: Poppins, sans-serif; font-size: 15px; font-style: normal; font-variant-ligatures: normal; font-variant-caps: normal; font-weight: 600;\">www.atriumvitis.com<\/span>\u00a0Responsable por cualquier da\u00f1o que dicha informaci\u00f3n pudiera causar en la computadora o sistemas del Usuario.<\/p>\n<p style=\"font-weight: 400;\"><b><strong>Exclusi\u00f3n de responsabilidad<\/strong><\/b><\/p>\n<p style=\"font-weight: 400;\">La informaci\u00f3n contenida en esta p\u00e1gina web ha sido revisada y se actualiza frecuentemente. No se ofrece garant\u00eda de integridad, correcci\u00f3n o actualidad. Todos los datos pueden ser retirados o modificados en cualquier momento sin necesidad de notificaci\u00f3n. A pesar de revisar y controlar el contenido peri\u00f3dicamente no nos hacemos responsables del contenido de enlaces externos.\u00a0<span style=\"font-family: Poppins, sans-serif; font-size: 15px; font-style: normal; font-variant-ligatures: normal; font-variant-caps: normal; font-weight: 600;\">www.atriumvitis.com<\/span>\u00a0no se responsabiliza del contenido de otras p\u00e1ginas web que tengan enlaces a\u00a0<span style=\"font-family: Poppins, sans-serif; font-size: 15px; font-style: normal; font-variant-ligatures: normal; font-variant-caps: normal; font-weight: 600;\">www.atriumvitis.com.<\/span><\/p>\n<p style=\"font-weight: 400;\"><b><strong>Jurisdicci\u00f3n<\/strong><\/b><\/p>\n<p style=\"font-weight: 400;\">Para la resoluci\u00f3n de todas las controversias o cuestiones relacionadas con el presente sitio web o de las actividades en \u00e9l desarrolladas, ser\u00e1 de aplicaci\u00f3n la legislaci\u00f3n espa\u00f1ola siendo competentes para la resoluci\u00f3n de todos los conflictos derivados o relacionados con su uso los Juzgados y Tribunales de La Coru\u00f1a.<\/p>\n<p style=\"font-weight: 400;\"><b><strong>Titularidad del sitio Web<\/strong><\/b><\/p>\n<p style=\"font-weight: 400;\">La p\u00e1gina\u00a0<span style=\"font-family: Poppins, sans-serif; font-size: 15px; font-style: normal; font-variant-ligatures: normal; font-variant-caps: normal; font-weight: 600;\">www.atriumvitis.com<\/span>\u00a0es propiedad de<\/p>\n<p style=\"font-weight: 400;\"><b><strong>Atrium Vitis SL\u00a0<\/strong><\/b><\/p>\n<p style=\"font-weight: 400;\">C.I.F. : B27327337\u00a0 \u00a0<\/p>\n<p style=\"font-weight: 400;\">\u00a0Domicilio:\u00a0\u00a0<span style=\"font-variant-ligatures: normal; font-variant-caps: normal; font-family: Poppins, sans-serif; font-size: 15px; font-style: normal; font-weight: 400;\">Lugar de Toucedo, n\u00ba 5<\/span>\u00a0 \u00a0<\/p>\n<p style=\"font-weight: 400;\"><span style=\"font-family: Poppins, sans-serif; font-size: 15px; font-style: normal; font-variant-ligatures: normal; font-variant-caps: normal; font-weight: 400;\">CP 27320 | Quiroga | (Lugo)<\/span><\/p>\n<p style=\"font-weight: 400;\"><span style=\"font-size: 15px; font-weight: 400;\">Telf: 610 440 692\u00a0<\/span><\/p>\n<p style=\"font-weight: 400;\">Correo electr\u00f3nico: atriumvitis@gmail.com<\/p>\n<p><!-- \/wp:heading --><\/p>\t\t\t\t\t\t<\/div>\n\t\t\t\t<\/div>\n\t\t\t\t\t<\/div>\n\t\t<\/div>\n\t\t\t\t\t<\/div>\n\t\t<\/section>\n\t\t\t\t<\/div>\n\t\t","protected":false},"excerpt":{"rendered":"<p>Aviso Legal Condiciones de uso: Objeto y Aceptaci\u00f3n Estas condiciones generales regulan el uso del servicio de portal de internet\u00a0www.atriumvitis.com\u00a0(en adelante, el &#8220;Portal&#8221;). La utilizaci\u00f3n del Portal atribuye la condici\u00f3n de usuario del Portal (en adelante, el &#8220;Usuario&#8221;) y expresa la adhesi\u00f3n plena y sin reservas del Usuario a todas y cada una de las [&hellip;]<\/p>\n","protected":false},"author":1,"featured_media":0,"parent":0,"menu_order":0,"comment_status":"closed","ping_status":"open","template":"","meta":{"ocean_post_layout":"full-width","ocean_both_sidebars_style":"","ocean_both_sidebars_content_width":0,"ocean_both_sidebars_sidebars_width":0,"ocean_sidebar":"0","ocean_second_sidebar":"0","ocean_disable_margins":"on","ocean_add_body_class":"","ocean_shortcode_before_top_bar":"","ocean_shortcode_after_top_bar":"","ocean_shortcode_before_header":"","ocean_shortcode_after_header":"","ocean_has_shortcode":"","ocean_shortcode_after_title":"","ocean_shortcode_before_footer_widgets":"","ocean_shortcode_after_footer_widgets":"","ocean_shortcode_before_footer_bottom":"","ocean_shortcode_after_footer_bottom":"","ocean_display_top_bar":"default","ocean_display_header":"default","ocean_header_style":"","ocean_center_header_left_menu":"0","ocean_custom_header_template":"0","ocean_custom_logo":0,"ocean_custom_retina_logo":0,"ocean_custom_logo_max_width":0,"ocean_custom_logo_tablet_max_width":0,"ocean_custom_logo_mobile_max_width":0,"ocean_custom_logo_max_height":0,"ocean_custom_logo_tablet_max_height":0,"ocean_custom_logo_mobile_max_height":0,"ocean_header_custom_menu":"0","ocean_menu_typo_font_family":"0","ocean_menu_typo_font_subset":"","ocean_menu_typo_font_size":0,"ocean_menu_typo_font_size_tablet":0,"ocean_menu_typo_font_size_mobile":0,"ocean_menu_typo_font_size_unit":"px","ocean_menu_typo_font_weight":"","ocean_menu_typo_font_weight_tablet":"","ocean_menu_typo_font_weight_mobile":"","ocean_menu_typo_transform":"","ocean_menu_typo_transform_tablet":"","ocean_menu_typo_transform_mobile":"","ocean_menu_typo_line_height":0,"ocean_menu_typo_line_height_tablet":0,"ocean_menu_typo_line_height_mobile":0,"ocean_menu_typo_line_height_unit":"","ocean_menu_typo_spacing":0,"ocean_menu_typo_spacing_tablet":0,"ocean_menu_typo_spacing_mobile":0,"ocean_menu_typo_spacing_unit":"","ocean_menu_link_color":"","ocean_menu_link_color_hover":"","ocean_menu_link_color_active":"","ocean_menu_link_background":"","ocean_menu_link_hover_background":"","ocean_menu_link_active_background":"","ocean_menu_social_links_bg":"","ocean_menu_social_hover_links_bg":"","ocean_menu_social_links_color":"","ocean_menu_social_hover_links_color":"","ocean_disable_title":"default","ocean_disable_heading":"default","ocean_post_title":"","ocean_post_subheading":"","ocean_post_title_style":"","ocean_post_title_background_color":"","ocean_post_title_background":0,"ocean_post_title_bg_image_position":"","ocean_post_title_bg_image_attachment":"","ocean_post_title_bg_image_repeat":"","ocean_post_title_bg_image_size":"","ocean_post_title_height":0,"ocean_post_title_bg_overlay":0.5,"ocean_post_title_bg_overlay_color":"","ocean_disable_breadcrumbs":"default","ocean_breadcrumbs_color":"","ocean_breadcrumbs_separator_color":"","ocean_breadcrumbs_links_color":"","ocean_breadcrumbs_links_hover_color":"","ocean_display_footer_widgets":"default","ocean_display_footer_bottom":"default","ocean_custom_footer_template":"0","footnotes":""},"yoast_head":"<!-- This site is optimized with the Yoast SEO plugin v14.4.1 - https:\/\/yoast.com\/wordpress\/plugins\/seo\/ -->\n<title>Aviso Legal - Bodega Atrium Vitis | Vinos de parcela<\/title>\n<meta name=\"robots\" content=\"noindex, nofollow\" \/>\n<meta property=\"og:locale\" content=\"es_ES\" \/>\n<meta property=\"og:type\" content=\"article\" \/>\n<meta property=\"og:title\" content=\"Aviso Legal - Bodega Atrium Vitis | Vinos de parcela\" \/>\n<meta property=\"og:description\" content=\"Aviso Legal Condiciones de uso: Objeto y Aceptaci\u00f3n Estas condiciones generales regulan el uso del servicio de portal de internet\u00a0www.atriumvitis.com\u00a0(en adelante, el &#8220;Portal&#8221;). La utilizaci\u00f3n del Portal atribuye la condici\u00f3n de usuario del Portal (en adelante, el &#8220;Usuario&#8221;) y expresa la adhesi\u00f3n plena y sin reservas del Usuario a todas y cada una de las [&hellip;]\" \/>\n<meta property=\"og:url\" content=\"https:\/\/atriumvitis.com\/tiendavinos\/aviso-legal\/\" \/>\n<meta property=\"og:site_name\" content=\"Bodega Atrium Vitis | Vinos de parcela\" \/>\n<meta property=\"article:modified_time\" content=\"2021-04-11T18:55:04+00:00\" \/>\n<meta name=\"twitter:card\" content=\"summary_large_image\" \/>\n<script type=\"application\/ld+json\" class=\"yoast-schema-graph\">{\"@context\":\"https:\/\/schema.org\",\"@graph\":[{\"@type\":\"Organization\",\"@id\":\"https:\/\/atriumvitis.com\/tiendavinos\/#organization\",\"name\":\"Atrium Vitis Bodega\",\"url\":\"https:\/\/atriumvitis.com\/tiendavinos\/\",\"sameAs\":[],\"logo\":{\"@type\":\"ImageObject\",\"@id\":\"https:\/\/atriumvitis.com\/tiendavinos\/#logo\",\"inLanguage\":\"es\",\"url\":\"https:\/\/atriumvitis.com\/tiendavinos\/wp-content\/uploads\/2020\/04\/logo_atriumvitis_46Kb-200px_ancho.png\",\"width\":200,\"height\":185,\"caption\":\"Atrium Vitis Bodega\"},\"image\":{\"@id\":\"https:\/\/atriumvitis.com\/tiendavinos\/#logo\"}},{\"@type\":\"WebSite\",\"@id\":\"https:\/\/atriumvitis.com\/tiendavinos\/#website\",\"url\":\"https:\/\/atriumvitis.com\/tiendavinos\/\",\"name\":\"Bodega Atrium Vitis | Vinos de parcela\",\"description\":\"Vinos de Ribeira Sacra elaborados por Bodega Atrium Vitis\",\"publisher\":{\"@id\":\"https:\/\/atriumvitis.com\/tiendavinos\/#organization\"},\"potentialAction\":[{\"@type\":\"SearchAction\",\"target\":\"https:\/\/atriumvitis.com\/tiendavinos\/?s={search_term_string}\",\"query-input\":\"required name=search_term_string\"}],\"inLanguage\":\"es\"},{\"@type\":\"WebPage\",\"@id\":\"https:\/\/atriumvitis.com\/tiendavinos\/aviso-legal\/#webpage\",\"url\":\"https:\/\/atriumvitis.com\/tiendavinos\/aviso-legal\/\",\"name\":\"Aviso Legal - Bodega Atrium Vitis | Vinos de parcela\",\"isPartOf\":{\"@id\":\"https:\/\/atriumvitis.com\/tiendavinos\/#website\"},\"datePublished\":\"2019-12-02T11:12:23+00:00\",\"dateModified\":\"2021-04-11T18:55:04+00:00\",\"inLanguage\":\"es\",\"potentialAction\":[{\"@type\":\"ReadAction\",\"target\":[\"https:\/\/atriumvitis.com\/tiendavinos\/aviso-legal\/\"]}]}]}<\/script>\n<!-- \/ Yoast SEO plugin. -->","_links":{"self":[{"href":"https:\/\/atriumvitis.com\/tiendavinos\/wp-json\/wp\/v2\/pages\/3"}],"collection":[{"href":"https:\/\/atriumvitis.com\/tiendavinos\/wp-json\/wp\/v2\/pages"}],"about":[{"href":"https:\/\/atriumvitis.com\/tiendavinos\/wp-json\/wp\/v2\/types\/page"}],"author":[{"embeddable":true,"href":"https:\/\/atriumvitis.com\/tiendavinos\/wp-json\/wp\/v2\/users\/1"}],"replies":[{"embeddable":true,"href":"https:\/\/atriumvitis.com\/tiendavinos\/wp-json\/wp\/v2\/comments?post=3"}],"version-history":[{"count":14,"href":"https:\/\/atriumvitis.com\/tiendavinos\/wp-json\/wp\/v2\/pages\/3\/revisions"}],"predecessor-version":[{"id":6804,"href":"https:\/\/atriumvitis.com\/tiendavinos\/wp-json\/wp\/v2\/pages\/3\/revisions\/6804"}],"wp:attachment":[{"href":"https:\/\/atriumvitis.com\/tiendavinos\/wp-json\/wp\/v2\/media?parent=3"}],"curies":[{"name":"wp","href":"https:\/\/api.w.org\/{rel}","templated":true}]}}