{"id":1579,"date":"2020-03-25T17:04:18","date_gmt":"2020-03-25T17:04:18","guid":{"rendered":"https:\/\/atriumvitis.com\/tiendavinos\/recently-viewed-products\/"},"modified":"2024-02-19T11:23:34","modified_gmt":"2024-02-19T10:23:34","slug":"productos-vistos-recientemente","status":"publish","type":"page","link":"https:\/\/atriumvitis.com\/tiendavinos\/productos-vistos-recientemente\/","title":{"rendered":"Productos vistos recientemente&#8230;"},"content":{"rendered":"\t\t<div data-elementor-type=\"wp-page\" data-elementor-id=\"1579\" class=\"elementor elementor-1579\">\n\t\t\t\t\t\t<section class=\"elementor-section elementor-top-section elementor-element elementor-element-a4bce14 elementor-section-boxed elementor-section-height-default elementor-section-height-default\" data-id=\"a4bce14\" data-element_type=\"section\">\n\t\t\t\t\t\t<div class=\"elementor-container elementor-column-gap-default\">\n\t\t\t\t\t<div class=\"elementor-column elementor-col-100 elementor-top-column elementor-element elementor-element-7868016\" data-id=\"7868016\" data-element_type=\"column\">\n\t\t\t<div class=\"elementor-widget-wrap elementor-element-populated\">\n\t\t\t\t\t\t<div class=\"elementor-element elementor-element-9bbcea5 elementor-widget elementor-widget-spacer\" data-id=\"9bbcea5\" data-element_type=\"widget\" data-widget_type=\"spacer.default\">\n\t\t\t\t<div class=\"elementor-widget-container\">\n\t\t\t\t\t<div class=\"elementor-spacer\">\n\t\t\t<div class=\"elementor-spacer-inner\"><\/div>\n\t\t<\/div>\n\t\t\t\t<\/div>\n\t\t\t\t<\/div>\n\t\t\t\t<div class=\"elementor-element elementor-element-f3a99f8 elementor-widget elementor-widget-text-editor\" data-id=\"f3a99f8\" data-element_type=\"widget\" data-widget_type=\"text-editor.default\">\n\t\t\t\t<div class=\"elementor-widget-container\">\n\t\t\t\t\t\t\t<p>Aqu\u00ed puedes ver todos los productos y caracter\u00edsticas de los mismos que has visitado recientemente en nuestra tienda virtual.<\/p><p>Si quieres volver a ellos s\u00f3lo tienes que pinchar para ir a su p\u00e1gina correspondiente y seguir con tu compra.<\/p><p>Esperamos que te gusten y disfrutes de grandes momentos y en buena compa\u00f1\u00eda!<\/p>\t\t\t\t\t\t<\/div>\n\t\t\t\t<\/div>\n\t\t\t\t\t<\/div>\n\t\t<\/div>\n\t\t\t\t\t<\/div>\n\t\t<\/section>\n\t\t\t\t<section class=\"elementor-section elementor-top-section elementor-element elementor-element-a00a41a elementor-section-boxed elementor-section-height-default elementor-section-height-default\" data-id=\"a00a41a\" data-element_type=\"section\">\n\t\t\t\t\t\t<div class=\"elementor-container elementor-column-gap-default\">\n\t\t\t\t\t<div class=\"elementor-column elementor-col-100 elementor-top-column elementor-element elementor-element-2198f92c\" data-id=\"2198f92c\" data-element_type=\"column\">\n\t\t\t<div class=\"elementor-widget-wrap elementor-element-populated\">\n\t\t\t\t\t\t<div class=\"elementor-element elementor-element-3bedf00b elementor-widget elementor-widget-text-editor\" data-id=\"3bedf00b\" data-element_type=\"widget\" data-widget_type=\"text-editor.default\">\n\t\t\t\t<div class=\"elementor-widget-container\">\n\t\t\t\t\t\t\t<p class=\"woocommerce-info\">No has visto ning\u00fan producto todav\u00eda.<\/p>\t\t\t\t\t\t<\/div>\n\t\t\t\t<\/div>\n\t\t\t\t\t<\/div>\n\t\t<\/div>\n\t\t\t\t\t<\/div>\n\t\t<\/section>\n\t\t\t\t<\/div>\n\t\t","protected":false},"excerpt":{"rendered":"<p>Aqu\u00ed puedes ver todos los productos y caracter\u00edsticas de los mismos que has visitado recientemente en nuestra tienda virtual. Si quieres volver a ellos s\u00f3lo tienes que pinchar para ir a su p\u00e1gina correspondiente y seguir con tu compra. Esperamos que te gusten y disfrutes de grandes momentos y en buena compa\u00f1\u00eda!<\/p>\n","protected":false},"author":1,"featured_media":0,"parent":0,"menu_order":0,"comment_status":"closed","ping_status":"closed","template":"","meta":{"ocean_post_layout":"full-width","ocean_both_sidebars_style":"","ocean_both_sidebars_content_width":0,"ocean_both_sidebars_sidebars_width":0,"ocean_sidebar":"0","ocean_second_sidebar":"0","ocean_disable_margins":"on","ocean_add_body_class":"","ocean_shortcode_before_top_bar":"","ocean_shortcode_after_top_bar":"","ocean_shortcode_before_header":"","ocean_shortcode_after_header":"","ocean_has_shortcode":"","ocean_shortcode_after_title":"","ocean_shortcode_before_footer_widgets":"","ocean_shortcode_after_footer_widgets":"","ocean_shortcode_before_footer_bottom":"","ocean_shortcode_after_footer_bottom":"","ocean_display_top_bar":"default","ocean_display_header":"default","ocean_header_style":"","ocean_center_header_left_menu":"0","ocean_custom_header_template":"0","ocean_custom_logo":0,"ocean_custom_retina_logo":0,"ocean_custom_logo_max_width":0,"ocean_custom_logo_tablet_max_width":0,"ocean_custom_logo_mobile_max_width":0,"ocean_custom_logo_max_height":0,"ocean_custom_logo_tablet_max_height":0,"ocean_custom_logo_mobile_max_height":0,"ocean_header_custom_menu":"0","ocean_menu_typo_font_family":"0","ocean_menu_typo_font_subset":"","ocean_menu_typo_font_size":0,"ocean_menu_typo_font_size_tablet":0,"ocean_menu_typo_font_size_mobile":0,"ocean_menu_typo_font_size_unit":"px","ocean_menu_typo_font_weight":"","ocean_menu_typo_font_weight_tablet":"","ocean_menu_typo_font_weight_mobile":"","ocean_menu_typo_transform":"","ocean_menu_typo_transform_tablet":"","ocean_menu_typo_transform_mobile":"","ocean_menu_typo_line_height":0,"ocean_menu_typo_line_height_tablet":0,"ocean_menu_typo_line_height_mobile":0,"ocean_menu_typo_line_height_unit":"","ocean_menu_typo_spacing":0,"ocean_menu_typo_spacing_tablet":0,"ocean_menu_typo_spacing_mobile":0,"ocean_menu_typo_spacing_unit":"","ocean_menu_link_color":"","ocean_menu_link_color_hover":"","ocean_menu_link_color_active":"","ocean_menu_link_background":"","ocean_menu_link_hover_background":"","ocean_menu_link_active_background":"","ocean_menu_social_links_bg":"","ocean_menu_social_hover_links_bg":"","ocean_menu_social_links_color":"","ocean_menu_social_hover_links_color":"","ocean_disable_title":"default","ocean_disable_heading":"default","ocean_post_title":"","ocean_post_subheading":"","ocean_post_title_style":"","ocean_post_title_background_color":"","ocean_post_title_background":0,"ocean_post_title_bg_image_position":"","ocean_post_title_bg_image_attachment":"","ocean_post_title_bg_image_repeat":"","ocean_post_title_bg_image_size":"","ocean_post_title_height":0,"ocean_post_title_bg_overlay":0.5,"ocean_post_title_bg_overlay_color":"","ocean_disable_breadcrumbs":"default","ocean_breadcrumbs_color":"","ocean_breadcrumbs_separator_color":"","ocean_breadcrumbs_links_color":"","ocean_breadcrumbs_links_hover_color":"","ocean_display_footer_widgets":"default","ocean_display_footer_bottom":"default","ocean_custom_footer_template":"0","footnotes":""},"yoast_head":"<!-- This site is optimized with the Yoast SEO plugin v14.4.1 - https:\/\/yoast.com\/wordpress\/plugins\/seo\/ -->\n<title>Productos vistos recientemente... - Bodega Atrium Vitis | Vinos de parcela<\/title>\n<meta name=\"robots\" content=\"noindex, nofollow\" \/>\n<meta property=\"og:locale\" content=\"es_ES\" \/>\n<meta property=\"og:type\" content=\"article\" \/>\n<meta property=\"og:title\" content=\"Productos vistos recientemente... - Bodega Atrium Vitis | Vinos de parcela\" \/>\n<meta property=\"og:description\" content=\"Aqu\u00ed puedes ver todos los productos y caracter\u00edsticas de los mismos que has visitado recientemente en nuestra tienda virtual. Si quieres volver a ellos s\u00f3lo tienes que pinchar para ir a su p\u00e1gina correspondiente y seguir con tu compra. Esperamos que te gusten y disfrutes de grandes momentos y en buena compa\u00f1\u00eda!\" \/>\n<meta property=\"og:url\" content=\"https:\/\/atriumvitis.com\/tiendavinos\/productos-vistos-recientemente\/\" \/>\n<meta property=\"og:site_name\" content=\"Bodega Atrium Vitis | Vinos de parcela\" \/>\n<meta property=\"article:modified_time\" content=\"2024-02-19T10:23:34+00:00\" \/>\n<meta name=\"twitter:card\" content=\"summary_large_image\" \/>\n<script type=\"application\/ld+json\" class=\"yoast-schema-graph\">{\"@context\":\"https:\/\/schema.org\",\"@graph\":[{\"@type\":\"Organization\",\"@id\":\"https:\/\/atriumvitis.com\/tiendavinos\/#organization\",\"name\":\"Atrium Vitis Bodega\",\"url\":\"https:\/\/atriumvitis.com\/tiendavinos\/\",\"sameAs\":[],\"logo\":{\"@type\":\"ImageObject\",\"@id\":\"https:\/\/atriumvitis.com\/tiendavinos\/#logo\",\"inLanguage\":\"es\",\"url\":\"https:\/\/atriumvitis.com\/tiendavinos\/wp-content\/uploads\/2020\/04\/logo_atriumvitis_46Kb-200px_ancho.png\",\"width\":200,\"height\":185,\"caption\":\"Atrium Vitis Bodega\"},\"image\":{\"@id\":\"https:\/\/atriumvitis.com\/tiendavinos\/#logo\"}},{\"@type\":\"WebSite\",\"@id\":\"https:\/\/atriumvitis.com\/tiendavinos\/#website\",\"url\":\"https:\/\/atriumvitis.com\/tiendavinos\/\",\"name\":\"Bodega Atrium Vitis | Vinos de parcela\",\"description\":\"Vinos de Ribeira Sacra elaborados por Bodega Atrium Vitis\",\"publisher\":{\"@id\":\"https:\/\/atriumvitis.com\/tiendavinos\/#organization\"},\"potentialAction\":[{\"@type\":\"SearchAction\",\"target\":\"https:\/\/atriumvitis.com\/tiendavinos\/?s={search_term_string}\",\"query-input\":\"required name=search_term_string\"}],\"inLanguage\":\"es\"},{\"@type\":\"WebPage\",\"@id\":\"https:\/\/atriumvitis.com\/tiendavinos\/productos-vistos-recientemente\/#webpage\",\"url\":\"https:\/\/atriumvitis.com\/tiendavinos\/productos-vistos-recientemente\/\",\"name\":\"Productos vistos recientemente... - Bodega Atrium Vitis | Vinos de parcela\",\"isPartOf\":{\"@id\":\"https:\/\/atriumvitis.com\/tiendavinos\/#website\"},\"datePublished\":\"2020-03-25T17:04:18+00:00\",\"dateModified\":\"2024-02-19T10:23:34+00:00\",\"inLanguage\":\"es\",\"potentialAction\":[{\"@type\":\"ReadAction\",\"target\":[\"https:\/\/atriumvitis.com\/tiendavinos\/productos-vistos-recientemente\/\"]}]}]}<\/script>\n<!-- \/ Yoast SEO plugin. -->","_links":{"self":[{"href":"https:\/\/atriumvitis.com\/tiendavinos\/wp-json\/wp\/v2\/pages\/1579"}],"collection":[{"href":"https:\/\/atriumvitis.com\/tiendavinos\/wp-json\/wp\/v2\/pages"}],"about":[{"href":"https:\/\/atriumvitis.com\/tiendavinos\/wp-json\/wp\/v2\/types\/page"}],"author":[{"embeddable":true,"href":"https:\/\/atriumvitis.com\/tiendavinos\/wp-json\/wp\/v2\/users\/1"}],"replies":[{"embeddable":true,"href":"https:\/\/atriumvitis.com\/tiendavinos\/wp-json\/wp\/v2\/comments?post=1579"}],"version-history":[{"count":5,"href":"https:\/\/atriumvitis.com\/tiendavinos\/wp-json\/wp\/v2\/pages\/1579\/revisions"}],"predecessor-version":[{"id":8685,"href":"https:\/\/atriumvitis.com\/tiendavinos\/wp-json\/wp\/v2\/pages\/1579\/revisions\/8685"}],"wp:attachment":[{"href":"https:\/\/atriumvitis.com\/tiendavinos\/wp-json\/wp\/v2\/media?parent=1579"}],"curies":[{"name":"wp","href":"https:\/\/api.w.org\/{rel}","templated":true}]}}