{"id":1429,"date":"2020-03-22T12:02:44","date_gmt":"2020-03-22T12:02:44","guid":{"rendered":"https:\/\/atriumvitis.com\/tiendavinos\/?page_id=1429"},"modified":"2024-02-19T11:26:50","modified_gmt":"2024-02-19T10:26:50","slug":"terminos-y-condiciones-de-venta","status":"publish","type":"page","link":"https:\/\/atriumvitis.com\/tiendavinos\/terminos-y-condiciones-de-venta\/","title":{"rendered":"T\u00e9rminos y Condiciones de Venta"},"content":{"rendered":"\t\t<div data-elementor-type=\"wp-page\" data-elementor-id=\"1429\" class=\"elementor elementor-1429\">\n\t\t\t\t\t\t<section class=\"elementor-section elementor-top-section elementor-element elementor-element-c97e3fa elementor-section-boxed elementor-section-height-default elementor-section-height-default\" data-id=\"c97e3fa\" data-element_type=\"section\">\n\t\t\t\t\t\t<div class=\"elementor-container elementor-column-gap-default\">\n\t\t\t\t\t<div class=\"elementor-column elementor-col-100 elementor-top-column elementor-element elementor-element-edabb89\" data-id=\"edabb89\" data-element_type=\"column\">\n\t\t\t<div class=\"elementor-widget-wrap elementor-element-populated\">\n\t\t\t\t\t\t<div class=\"elementor-element elementor-element-5745d69 elementor-widget elementor-widget-heading\" data-id=\"5745d69\" data-element_type=\"widget\" data-widget_type=\"heading.default\">\n\t\t\t\t<div class=\"elementor-widget-container\">\n\t\t\t<h2 class=\"elementor-heading-title elementor-size-default\">T\u00e9rminos y Condiciones de Venta en atriumvitis.com<\/h2>\t\t<\/div>\n\t\t\t\t<\/div>\n\t\t\t\t<div class=\"elementor-element elementor-element-4b6a13f elementor-widget-divider--view-line elementor-widget elementor-widget-divider\" data-id=\"4b6a13f\" data-element_type=\"widget\" data-widget_type=\"divider.default\">\n\t\t\t\t<div class=\"elementor-widget-container\">\n\t\t\t\t\t<div class=\"elementor-divider\">\n\t\t\t<span class=\"elementor-divider-separator\">\n\t\t\t\t\t\t<\/span>\n\t\t<\/div>\n\t\t\t\t<\/div>\n\t\t\t\t<\/div>\n\t\t\t\t<div class=\"elementor-element elementor-element-f08dd1a elementor-widget elementor-widget-text-editor\" data-id=\"f08dd1a\" data-element_type=\"widget\" data-widget_type=\"text-editor.default\">\n\t\t\t\t<div class=\"elementor-widget-container\">\n\t\t\t\t\t\t\t<h4><span style=\"font-style: inherit; font-weight: inherit;\"><strong>TRANSPORTE<\/strong><\/span><\/h4><p><span style=\"font-style: inherit; font-weight: inherit;\"><strong>En este apartado encontrar\u00e1s todo lo referente al c\u00f3mo, cu\u00e1ndo y d\u00f3nde enviamos el vino. Tambi\u00e9n intentamos resolver todas tus dudas sobre posibles incidencias que se puedan producir pero recuerda que si a\u00fan as\u00ed te queda alguna duda estaremos encantados de ayudarte.<\/strong><\/span><\/p><p><span style=\"font-style: inherit; font-weight: inherit;\"><strong>\u00a0<\/strong><\/span><\/p><p><strong>\u00a01.\u00a0<\/strong><span style=\"font-size: 20px; font-weight: 600;\">\u00bfCu\u00e1nto cuesta el transporte<\/span><span style=\"font-size: 20px; font-weight: 600;\">?<\/span><\/p><p><span style=\"font-style: inherit; font-weight: inherit;\"><strong>El transporte tiene coste siempre y cuando el pedido no alcance un importe m\u00ednimo o se haga un pedido a partir de 6 botellas (1 caja), en cuyo caso el Env\u00edo es GRATIS. (lo asume la empresa). Tambi\u00e9n es posible, mediante Cupones Descuento, tener Env\u00edo Gratis.<\/strong><\/span><\/p><p><span style=\"font-style: inherit; font-weight: inherit;\"><strong>\u00a0<\/strong><\/span><span style=\"font-family: 'Roboto Condensed', sans-serif; font-size: 20px; font-style: normal; font-variant-ligatures: normal; font-variant-caps: normal; font-weight: 600;\">Espa\u00f1a<\/span><\/p><p><span style=\"font-style: inherit; font-weight: inherit;\"><strong>-Pen\u00ednsula<br \/>atriumvitis.com aplica las Condiciones Generales de Env\u00edo.<\/strong><\/span><\/p><p><strong style=\"font-style: inherit;\">-Baleares<\/strong><strong><br \/>Tarifa plana de transporte de 24\u20ac (sin IVA), por pedido.<\/strong><\/p><p><strong>-Canarias<\/strong><\/p><p><strong>Consultar<\/strong><\/p><p><strong style=\"font-size: 20px;\">-Promociones: Todas la promociones que contemplen portes gratis ser\u00e1n \u00fanicamente aplicables a pedidos cuyo destino sea la Pen\u00ednsula.<\/strong><strong><br \/><\/strong><\/p><p><strong>-Europa<\/strong><\/p><p><strong>Consultar.<\/strong><\/p><p><strong>\u00a0<\/strong><\/p><ol start=\"2\"><li><strong style=\"font-style: inherit;\"><span style=\"font-style: inherit; font-weight: inherit;\"> \u00bf<\/span><\/strong><strong style=\"font-style: inherit;\"><span style=\"font-style: inherit; font-weight: inherit;\">Puedo hacer un seguimiento online de mi pedido?<\/span><\/strong><\/li><\/ol><p><span style=\"font-style: inherit; font-weight: inherit;\"><strong>Pueden contactar con nosotros en cualquier momento para conocer el estado de su pedido, estaremos encantados de atenderte.<\/strong><\/span><\/p><p><span style=\"font-style: inherit; font-weight: inherit;\"><strong>\u00a0<\/strong><\/span><\/p><p>\u00a0<\/p><ol start=\"3\"><li><strong style=\"font-style: inherit;\"><span style=\"font-style: inherit; font-weight: inherit;\"> \u00bfCu\u00e1nto tiempo tarda en llegar a mi domicilio el pedido?<\/span><\/strong><\/li><\/ol><p><span style=\"font-style: inherit; font-weight: inherit;\"><strong>Por regla general, en la pen\u00ednsula ib\u00e9rica los pedidos normalmente tardan entre\u00a02 y 3 d\u00edas\u00a0h\u00e1biles en ser entregados. Los env\u00edos a Baleares y Canarias,\u00a0<\/strong><\/span><strong>entre<\/strong>\u00a0<strong>5 y 6 d\u00edas laborables.\u00a0\u00a0<span style=\"font-style: inherit; font-weight: inherit;\">A otros pa\u00edses europeos,\u00a0<\/span>consultar.<\/strong><\/p><p><strong style=\"font-style: inherit;\">Durante los fines de semana no se realizan env\u00edos, los pedidos recibidos el viernes antes de la 13:00h llegar\u00e1n a destino el lunes o martes<\/strong><strong>\u00a0(salvo festivo). Todos los pedidos realizados el viernes\u00a0 despu\u00e9s de\u00a0 la 13:00h, saldr\u00e1n de nuestros almacenes el lunes, llegando a destino el martes o mi\u00e9rcoles (ENV\u00cdOS PENINSULARES).<\/strong><\/p><p><strong>Nuestro gestor de transporte no puede realizar entregas concertadas (quedar a una hora concreta). En el apartado observaciones podemos anotar, por ejemplo, entregar por las ma\u00f1anas o entregar a partir de las 15.30h. Por lo tanto es recomendable, para evitar demoras en la entrega, intentar en la medida de lo posible indicar direcciones que tengan un amplio horario de entrega, ya que en algunas poblaciones de peque\u00f1o tama\u00f1o las entregas s\u00f3lo se realizan por la ma\u00f1ana o por la tarde, dependiendo de la ruta de la agencia. En todo caso la agencia no\u00a0 asegura un horario espec\u00edfico y no se compromete a llamar antes de la entrega. Si necesita informaci\u00f3n adicional contacte con nosotros a\u00a0<a style=\"font-style: inherit; font-weight: inherit;\" href=\"mailto:%20atriumvitis@gmail.com\">atriumvitis@gmail.com<\/a><\/strong><\/p><p>\u00a0<\/p><p>\u00a0<\/p><ol start=\"4\"><li><strong style=\"font-style: inherit;\"><span style=\"font-style: inherit; font-weight: inherit;\"> El vino es muy delicado \u00bfes seguro el transporte?<\/span><\/strong><\/li><\/ol><p><span style=\"font-style: inherit; font-weight: inherit;\"><strong>En\u00a0atriumvitis.com\u00a0adoramos el vino y somos conscientes de la importancia y lo delicado que resulta transportarlo.<\/strong><\/span><\/p><p><strong>Por eso realizamos nuestros env\u00edos utilizando cajas especiales de cart\u00f3n reforzadas, con unos separadores interiores que crean c\u00e1maras de aire entre las botellas para evitar que el contacto produzca roturas.<\/strong><\/p><p><span style=\"font-style: inherit; font-weight: inherit;\"><strong>\u00a0<\/strong><\/span><\/p><ol start=\"5\"><li><strong style=\"font-style: inherit;\"><span style=\"font-style: inherit; font-weight: inherit;\"> No estoy en casa, \u00bfQu\u00e9 hago?<\/span><\/strong><\/li><\/ol><p><span style=\"font-style: inherit; font-weight: inherit;\"><strong>Las condiciones de transporte contratadas son para un servicio est\u00e1ndar (no urgente), econ\u00f3mico, con entrega durante el d\u00eda, de lunes a viernes y sin previo aviso.<\/strong><\/span><\/p><p><strong>En el caso de que no est\u00e9s nunca en casa en un horario compatible con nuestro transportista, te recomendamos que solicites la entrega del vino al trabajo o a una direcci\u00f3n en la que habitualmente alguien pueda recogerlo.<\/strong><\/p><p><strong>De todas maneras, los transportistas intentar\u00e1n hacer varias entregas y en el caso de no encontrarte en casa siempre tendr\u00e1s la opci\u00f3n de ir a recoger t\u00fa el pedido a su centro log\u00edstico m\u00e1s cercano.<\/strong><\/p><p><strong>\u00a0<\/strong><\/p><p>\u00a0<\/p><ol start=\"6\"><li><strong style=\"font-style: inherit;\"><span style=\"font-style: inherit; font-weight: inherit;\"> \u00bfQu\u00e9 debo hacer si se ha roto alguna botella?<\/span><\/strong><\/li><\/ol><p><span style=\"font-style: inherit; font-weight: inherit;\"><strong>El packaging est\u00e1 pensado para evitar roturas y nuestros partners son muy conscientes de la fragilidad del producto, pero a\u00fan\u00a0 y as\u00ed es posible que se produzca alguna rotura.<\/strong><\/span><\/p><p><strong>Por favor, revisa el pedido detalladamente en el momento de la recepci\u00f3n.<\/strong><\/p><p><strong>Los proveedores de transporte no permiten la devoluci\u00f3n de mercanc\u00eda si el cliente NO la abre en su presencia, pero puedes revisar la caja desde el exterior y si detectas alguna humedad en la caja, no aceptes el pedido. Nuestro partner nos notificar\u00e1 la incidencia y autom\u00e1ticamente mandaremos un nuevo env\u00edo sin coste alguno para ti.<\/strong><\/p><p><strong>\u00a0<\/strong><\/p><p>\u00a0<\/p><ol start=\"7\"><li><strong style=\"font-style: inherit;\"><span style=\"font-style: inherit; font-weight: inherit;\"> \u00bfQu\u00e9 debo hacer si el pedido est\u00e1 incompleto o no se corresponde con lo que compr\u00e9?<\/span><\/strong><\/li><\/ol><p><span style=\"font-style: inherit; font-weight: inherit;\"><strong>Intentamos que esto no pase, pero si hemos cometido alg\u00fan error en la preparaci\u00f3n de tu pedido simplemente env\u00eda un email a\u00a0<\/strong><\/span><strong><a style=\"font-style: inherit; font-weight: inherit;\" href=\"mailto:%20atriumvitis@gmail.com\">atriumvitis@gmail.com<\/a><\/strong><span style=\"font-style: inherit; font-weight: inherit;\"><strong>\u00a0indicando tus datos y el Pedido. Resolveremos el tema r\u00e1pidamente y te enviaremos el producto que falta sin coste alguno.<\/strong><\/span><\/p><p>\u00a0<\/p><ol start=\"8\"><li><strong style=\"font-style: inherit;\"><span style=\"font-style: inherit; font-weight: inherit;\"> \u00bfPuedo recoger el pedido y ahorrarme los costes del transporte?<\/span><\/strong><\/li><\/ol><p><span style=\"font-style: inherit; font-weight: inherit;\"><strong>Cuando lo desees puedes recoger tu pedido en nuestras instalaciones.<\/strong><\/span><\/p><p><strong>Te avisaremos cuando est\u00e9 listo para ser recogido. La direcci\u00f3n es:<\/strong><\/p><p><strong style=\"font-style: inherit;\">-BODEGA ATRIUM VITIS<\/strong><\/p><p><span style=\"font-style: inherit; font-weight: inherit;\"><strong>-Lugar de Toucedo, 5<\/strong><\/span><\/p><p><span style=\"font-style: inherit; font-weight: inherit;\"><strong>-27320 Quiroga &#8211; Lugo<\/strong><\/span><\/p><p><span style=\"font-style: inherit; font-weight: inherit;\"><strong>-Email:\u00a0<\/strong><\/span><strong><a style=\"font-style: inherit; font-weight: inherit;\" href=\"mailto:%20atriumvitis@gmail.com\">atriumvitis@gmail.com<\/a><\/strong><\/p><p><span style=\"font-style: inherit; font-weight: inherit;\"><strong>-M\u00f3vil y WhatsApp 610 440 692<\/strong><\/span><\/p><p><span style=\"font-style: inherit; font-weight: inherit;\"><strong>HORARIO<\/strong><\/span><\/p><p><span style=\"font-style: inherit; font-weight: inherit;\"><strong>-De Lunes a Viernes de 09:00 a 14:00 h y de 16:00 a 19:30 h<\/strong><\/span><\/p><p><span style=\"font-style: inherit; font-weight: inherit;\"><strong>\u00a0<\/strong><\/span><\/p><p><strong style=\"font-style: inherit;\"><span style=\"font-style: inherit; font-weight: inherit;\">Pol\u00edtica de devoluciones<\/span><\/strong><\/p><p><span style=\"font-style: inherit; font-weight: inherit;\"><strong>Si alguno de nuestro vinos no cumple con sus expectativas dispone de 7 d\u00edas para realizar la devoluci\u00f3n a nuestras instalaciones. Una vez recibido y comprobado que los productos est\u00e1n en perfectas condiciones procederemos a realizar el abono correspondiente. Ante cualquier consulta o duda puede dirigirse a nuestro departamento de atenci\u00f3n al cliente (<\/strong><\/span><strong><a style=\"font-style: inherit; font-weight: inherit;\" href=\"mailto:%20atriumvitis@gmail.com\">atriumvitis@gmail.com<\/a><\/strong><span style=\"font-style: inherit; font-weight: inherit;\"><strong>).<\/strong><\/span><\/p><p><strong>Si durante los 30 d\u00edas posteriores a la compra alguno de los vinos tuviera alg\u00fan defecto o no se encuentra en perfectas condiciones (corcho) es necesario que nos haga llegar la botella defectuosa con el corcho original y tapada a nuestras instalaciones indicando c\u00f3mo referencia el n\u00famero de pedido. Una vez comprobado procederemos al env\u00edo de dicha botella sin ning\u00fan coste.<\/strong><\/p><p><strong>Cualquier devoluci\u00f3n por rotura se tiene que comunicar durante las 24 horas posteriores a la recepci\u00f3n del pedido. Es importante que revise el pedido e indique en el albar\u00e1n de nuestro partner de transporte si observa alguna anomal\u00eda (ruido de cristales, caja mojada\u2026) Env\u00ede un correo al departamento de atenci\u00f3n al cliente (<\/strong><span style=\"font-weight: inherit;\"><strong style=\"font-style: inherit;\"><a style=\"font-style: inherit; font-weight: inherit;\" href=\"mailto:%20atriumvitis@gmail.com\">atriumvitis@gmail.com<\/a>)<\/strong><\/span><strong>\u00a0y nos pondremos\u00a0 en contacto con usted. Es estos casos la reposici\u00f3n de las botellas se efectuar\u00e1 sin ning\u00fan coste.<\/strong><\/p>\t\t\t\t\t\t<\/div>\n\t\t\t\t<\/div>\n\t\t\t\t\t<\/div>\n\t\t<\/div>\n\t\t\t\t\t<\/div>\n\t\t<\/section>\n\t\t\t\t<\/div>\n\t\t","protected":false},"excerpt":{"rendered":"<p>T\u00e9rminos y Condiciones de Venta en atriumvitis.com TRANSPORTE En este apartado encontrar\u00e1s todo lo referente al c\u00f3mo, cu\u00e1ndo y d\u00f3nde enviamos el vino. Tambi\u00e9n intentamos resolver todas tus dudas sobre posibles incidencias que se puedan producir pero recuerda que si a\u00fan as\u00ed te queda alguna duda estaremos encantados de ayudarte. &nbsp; &nbsp;1.&nbsp;\u00bfCu\u00e1nto cuesta el transporte? [&hellip;]<\/p>\n","protected":false},"author":1,"featured_media":0,"parent":0,"menu_order":0,"comment_status":"closed","ping_status":"closed","template":"","meta":{"ocean_post_layout":"full-width","ocean_both_sidebars_style":"","ocean_both_sidebars_content_width":0,"ocean_both_sidebars_sidebars_width":0,"ocean_sidebar":"0","ocean_second_sidebar":"0","ocean_disable_margins":"on","ocean_add_body_class":"","ocean_shortcode_before_top_bar":"","ocean_shortcode_after_top_bar":"","ocean_shortcode_before_header":"","ocean_shortcode_after_header":"","ocean_has_shortcode":"","ocean_shortcode_after_title":"","ocean_shortcode_before_footer_widgets":"","ocean_shortcode_after_footer_widgets":"","ocean_shortcode_before_footer_bottom":"","ocean_shortcode_after_footer_bottom":"","ocean_display_top_bar":"default","ocean_display_header":"default","ocean_header_style":"","ocean_center_header_left_menu":"0","ocean_custom_header_template":"0","ocean_custom_logo":0,"ocean_custom_retina_logo":0,"ocean_custom_logo_max_width":0,"ocean_custom_logo_tablet_max_width":0,"ocean_custom_logo_mobile_max_width":0,"ocean_custom_logo_max_height":0,"ocean_custom_logo_tablet_max_height":0,"ocean_custom_logo_mobile_max_height":0,"ocean_header_custom_menu":"0","ocean_menu_typo_font_family":"0","ocean_menu_typo_font_subset":"","ocean_menu_typo_font_size":0,"ocean_menu_typo_font_size_tablet":0,"ocean_menu_typo_font_size_mobile":0,"ocean_menu_typo_font_size_unit":"px","ocean_menu_typo_font_weight":"","ocean_menu_typo_font_weight_tablet":"","ocean_menu_typo_font_weight_mobile":"","ocean_menu_typo_transform":"","ocean_menu_typo_transform_tablet":"","ocean_menu_typo_transform_mobile":"","ocean_menu_typo_line_height":0,"ocean_menu_typo_line_height_tablet":0,"ocean_menu_typo_line_height_mobile":0,"ocean_menu_typo_line_height_unit":"","ocean_menu_typo_spacing":0,"ocean_menu_typo_spacing_tablet":0,"ocean_menu_typo_spacing_mobile":0,"ocean_menu_typo_spacing_unit":"","ocean_menu_link_color":"","ocean_menu_link_color_hover":"","ocean_menu_link_color_active":"","ocean_menu_link_background":"","ocean_menu_link_hover_background":"","ocean_menu_link_active_background":"","ocean_menu_social_links_bg":"","ocean_menu_social_hover_links_bg":"","ocean_menu_social_links_color":"","ocean_menu_social_hover_links_color":"","ocean_disable_title":"default","ocean_disable_heading":"default","ocean_post_title":"","ocean_post_subheading":"","ocean_post_title_style":"","ocean_post_title_background_color":"","ocean_post_title_background":0,"ocean_post_title_bg_image_position":"","ocean_post_title_bg_image_attachment":"","ocean_post_title_bg_image_repeat":"","ocean_post_title_bg_image_size":"","ocean_post_title_height":0,"ocean_post_title_bg_overlay":0.5,"ocean_post_title_bg_overlay_color":"","ocean_disable_breadcrumbs":"default","ocean_breadcrumbs_color":"","ocean_breadcrumbs_separator_color":"","ocean_breadcrumbs_links_color":"","ocean_breadcrumbs_links_hover_color":"","ocean_display_footer_widgets":"default","ocean_display_footer_bottom":"default","ocean_custom_footer_template":"0","footnotes":""},"yoast_head":"<!-- This site is optimized with the Yoast SEO plugin v14.4.1 - https:\/\/yoast.com\/wordpress\/plugins\/seo\/ -->\n<title>T\u00e9rminos y Condiciones de Venta - Bodega Atrium Vitis | Vinos de parcela<\/title>\n<meta name=\"robots\" content=\"noindex, nofollow\" \/>\n<meta property=\"og:locale\" content=\"es_ES\" \/>\n<meta property=\"og:type\" content=\"article\" \/>\n<meta property=\"og:title\" content=\"T\u00e9rminos y Condiciones de Venta - Bodega Atrium Vitis | Vinos de parcela\" \/>\n<meta property=\"og:description\" content=\"T\u00e9rminos y Condiciones de Venta en atriumvitis.com TRANSPORTE En este apartado encontrar\u00e1s todo lo referente al c\u00f3mo, cu\u00e1ndo y d\u00f3nde enviamos el vino. Tambi\u00e9n intentamos resolver todas tus dudas sobre posibles incidencias que se puedan producir pero recuerda que si a\u00fan as\u00ed te queda alguna duda estaremos encantados de ayudarte. &nbsp; &nbsp;1.&nbsp;\u00bfCu\u00e1nto cuesta el transporte? [&hellip;]\" \/>\n<meta property=\"og:url\" content=\"https:\/\/atriumvitis.com\/tiendavinos\/terminos-y-condiciones-de-venta\/\" \/>\n<meta property=\"og:site_name\" content=\"Bodega Atrium Vitis | Vinos de parcela\" \/>\n<meta property=\"article:modified_time\" content=\"2024-02-19T10:26:50+00:00\" \/>\n<meta name=\"twitter:card\" content=\"summary_large_image\" \/>\n<script type=\"application\/ld+json\" class=\"yoast-schema-graph\">{\"@context\":\"https:\/\/schema.org\",\"@graph\":[{\"@type\":\"Organization\",\"@id\":\"https:\/\/atriumvitis.com\/tiendavinos\/#organization\",\"name\":\"Atrium Vitis Bodega\",\"url\":\"https:\/\/atriumvitis.com\/tiendavinos\/\",\"sameAs\":[],\"logo\":{\"@type\":\"ImageObject\",\"@id\":\"https:\/\/atriumvitis.com\/tiendavinos\/#logo\",\"inLanguage\":\"es\",\"url\":\"https:\/\/atriumvitis.com\/tiendavinos\/wp-content\/uploads\/2020\/04\/logo_atriumvitis_46Kb-200px_ancho.png\",\"width\":200,\"height\":185,\"caption\":\"Atrium Vitis Bodega\"},\"image\":{\"@id\":\"https:\/\/atriumvitis.com\/tiendavinos\/#logo\"}},{\"@type\":\"WebSite\",\"@id\":\"https:\/\/atriumvitis.com\/tiendavinos\/#website\",\"url\":\"https:\/\/atriumvitis.com\/tiendavinos\/\",\"name\":\"Bodega Atrium Vitis | Vinos de parcela\",\"description\":\"Vinos de Ribeira Sacra elaborados por Bodega Atrium Vitis\",\"publisher\":{\"@id\":\"https:\/\/atriumvitis.com\/tiendavinos\/#organization\"},\"potentialAction\":[{\"@type\":\"SearchAction\",\"target\":\"https:\/\/atriumvitis.com\/tiendavinos\/?s={search_term_string}\",\"query-input\":\"required name=search_term_string\"}],\"inLanguage\":\"es\"},{\"@type\":\"WebPage\",\"@id\":\"https:\/\/atriumvitis.com\/tiendavinos\/terminos-y-condiciones-de-venta\/#webpage\",\"url\":\"https:\/\/atriumvitis.com\/tiendavinos\/terminos-y-condiciones-de-venta\/\",\"name\":\"T\\u00e9rminos y Condiciones de Venta - Bodega Atrium Vitis | Vinos de parcela\",\"isPartOf\":{\"@id\":\"https:\/\/atriumvitis.com\/tiendavinos\/#website\"},\"datePublished\":\"2020-03-22T12:02:44+00:00\",\"dateModified\":\"2024-02-19T10:26:50+00:00\",\"inLanguage\":\"es\",\"potentialAction\":[{\"@type\":\"ReadAction\",\"target\":[\"https:\/\/atriumvitis.com\/tiendavinos\/terminos-y-condiciones-de-venta\/\"]}]}]}<\/script>\n<!-- \/ Yoast SEO plugin. -->","_links":{"self":[{"href":"https:\/\/atriumvitis.com\/tiendavinos\/wp-json\/wp\/v2\/pages\/1429"}],"collection":[{"href":"https:\/\/atriumvitis.com\/tiendavinos\/wp-json\/wp\/v2\/pages"}],"about":[{"href":"https:\/\/atriumvitis.com\/tiendavinos\/wp-json\/wp\/v2\/types\/page"}],"author":[{"embeddable":true,"href":"https:\/\/atriumvitis.com\/tiendavinos\/wp-json\/wp\/v2\/users\/1"}],"replies":[{"embeddable":true,"href":"https:\/\/atriumvitis.com\/tiendavinos\/wp-json\/wp\/v2\/comments?post=1429"}],"version-history":[{"count":23,"href":"https:\/\/atriumvitis.com\/tiendavinos\/wp-json\/wp\/v2\/pages\/1429\/revisions"}],"predecessor-version":[{"id":8687,"href":"https:\/\/atriumvitis.com\/tiendavinos\/wp-json\/wp\/v2\/pages\/1429\/revisions\/8687"}],"wp:attachment":[{"href":"https:\/\/atriumvitis.com\/tiendavinos\/wp-json\/wp\/v2\/media?parent=1429"}],"curies":[{"name":"wp","href":"https:\/\/api.w.org\/{rel}","templated":true}]}}