{"id":1110,"date":"2020-03-19T18:43:33","date_gmt":"2020-03-19T18:43:33","guid":{"rendered":"https:\/\/atriumvitis.com\/tiendavinos\/?page_id=1110"},"modified":"2024-02-19T11:11:18","modified_gmt":"2024-02-19T10:11:18","slug":"metodos-de-pago","status":"publish","type":"page","link":"https:\/\/atriumvitis.com\/tiendavinos\/metodos-de-pago\/","title":{"rendered":"M\u00e9todos de Pago"},"content":{"rendered":"\t\t<div data-elementor-type=\"wp-page\" data-elementor-id=\"1110\" class=\"elementor elementor-1110\">\n\t\t\t\t\t\t<section class=\"elementor-section elementor-top-section elementor-element elementor-element-26e56c7 elementor-section-boxed elementor-section-height-default elementor-section-height-default\" data-id=\"26e56c7\" data-element_type=\"section\">\n\t\t\t\t\t\t<div class=\"elementor-container elementor-column-gap-default\">\n\t\t\t\t\t<div class=\"elementor-column elementor-col-100 elementor-top-column elementor-element elementor-element-16beb49\" data-id=\"16beb49\" data-element_type=\"column\">\n\t\t\t<div class=\"elementor-widget-wrap elementor-element-populated\">\n\t\t\t\t\t\t<div class=\"elementor-element elementor-element-ca28b5f elementor-widget elementor-widget-heading\" data-id=\"ca28b5f\" data-element_type=\"widget\" data-widget_type=\"heading.default\">\n\t\t\t\t<div class=\"elementor-widget-container\">\n\t\t\t<h1 class=\"elementor-heading-title elementor-size-default\">M\u00e9todos de Pago autorizados<\/h1>\t\t<\/div>\n\t\t\t\t<\/div>\n\t\t\t\t\t<\/div>\n\t\t<\/div>\n\t\t\t\t\t<\/div>\n\t\t<\/section>\n\t\t\t\t<section class=\"elementor-section elementor-top-section elementor-element elementor-element-19d6170 elementor-section-boxed elementor-section-height-default elementor-section-height-default\" data-id=\"19d6170\" data-element_type=\"section\">\n\t\t\t\t\t\t<div class=\"elementor-container elementor-column-gap-default\">\n\t\t\t\t\t<div class=\"elementor-column elementor-col-100 elementor-top-column elementor-element elementor-element-b7dced3\" data-id=\"b7dced3\" data-element_type=\"column\">\n\t\t\t<div class=\"elementor-widget-wrap elementor-element-populated\">\n\t\t\t\t\t\t<div class=\"elementor-element elementor-element-b62160e elementor-widget-divider--view-line elementor-widget elementor-widget-divider\" data-id=\"b62160e\" data-element_type=\"widget\" data-widget_type=\"divider.default\">\n\t\t\t\t<div class=\"elementor-widget-container\">\n\t\t\t\t\t<div class=\"elementor-divider\">\n\t\t\t<span class=\"elementor-divider-separator\">\n\t\t\t\t\t\t<\/span>\n\t\t<\/div>\n\t\t\t\t<\/div>\n\t\t\t\t<\/div>\n\t\t\t\t\t<\/div>\n\t\t<\/div>\n\t\t\t\t\t<\/div>\n\t\t<\/section>\n\t\t\t\t<section class=\"elementor-section elementor-top-section elementor-element elementor-element-81aa3e5 elementor-section-boxed elementor-section-height-default elementor-section-height-default\" data-id=\"81aa3e5\" data-element_type=\"section\">\n\t\t\t\t\t\t<div class=\"elementor-container elementor-column-gap-default\">\n\t\t\t\t\t<div class=\"elementor-column elementor-col-50 elementor-top-column elementor-element elementor-element-4c26781\" data-id=\"4c26781\" data-element_type=\"column\">\n\t\t\t<div class=\"elementor-widget-wrap elementor-element-populated\">\n\t\t\t\t\t\t<div class=\"elementor-element elementor-element-f4c7e21 elementor-widget elementor-widget-image\" data-id=\"f4c7e21\" data-element_type=\"widget\" data-widget_type=\"image.default\">\n\t\t\t\t<div class=\"elementor-widget-container\">\n\t\t\t\t\t\t\t\t\t\t\t\t\t<img decoding=\"async\" width=\"64\" height=\"64\" src=\"https:\/\/atriumvitis.com\/tiendavinos\/wp-content\/uploads\/2020\/04\/debit-card.png\" class=\"attachment-medium size-medium wp-image-2123\" alt=\"\" srcset=\"https:\/\/atriumvitis.com\/tiendavinos\/wp-content\/uploads\/2020\/04\/debit-card.png 64w, https:\/\/atriumvitis.com\/tiendavinos\/wp-content\/uploads\/2020\/04\/debit-card-60x60.png 60w\" sizes=\"(max-width: 64px) 100vw, 64px\" \/>\t\t\t\t\t\t\t\t\t\t\t\t\t<\/div>\n\t\t\t\t<\/div>\n\t\t\t\t<div class=\"elementor-element elementor-element-2de6422 elementor-widget elementor-widget-text-editor\" data-id=\"2de6422\" data-element_type=\"widget\" data-widget_type=\"text-editor.default\">\n\t\t\t\t<div class=\"elementor-widget-container\">\n\t\t\t\t\t\t\t<p>Puedes pagar c\u00f3modamente con tu <strong>tarjeta de d\u00e9bito\/cr\u00e9dito<\/strong> en nuestra web <strong>de forma segura a trav\u00e9s de nuestra pasarela de pagos.<\/strong><\/p><p>En cuanto se haya confirmado el pago, recibir\u00e1s un Email con los datos del pedido que acabas de realizar.<\/p>\t\t\t\t\t\t<\/div>\n\t\t\t\t<\/div>\n\t\t\t\t\t<\/div>\n\t\t<\/div>\n\t\t\t\t<div class=\"elementor-column elementor-col-50 elementor-top-column elementor-element elementor-element-e35cd65\" data-id=\"e35cd65\" data-element_type=\"column\">\n\t\t\t<div class=\"elementor-widget-wrap elementor-element-populated\">\n\t\t\t\t\t\t<div class=\"elementor-element elementor-element-0b9a040 elementor-widget elementor-widget-image\" data-id=\"0b9a040\" data-element_type=\"widget\" data-widget_type=\"image.default\">\n\t\t\t\t<div class=\"elementor-widget-container\">\n\t\t\t\t\t\t\t\t\t\t\t\t\t<img decoding=\"async\" width=\"64\" height=\"64\" src=\"https:\/\/atriumvitis.com\/tiendavinos\/wp-content\/uploads\/2020\/04\/bank_64px.png\" class=\"attachment-large size-large wp-image-2124\" alt=\"\" srcset=\"https:\/\/atriumvitis.com\/tiendavinos\/wp-content\/uploads\/2020\/04\/bank_64px.png 64w, https:\/\/atriumvitis.com\/tiendavinos\/wp-content\/uploads\/2020\/04\/bank_64px-60x60.png 60w\" sizes=\"(max-width: 64px) 100vw, 64px\" \/>\t\t\t\t\t\t\t\t\t\t\t\t\t<\/div>\n\t\t\t\t<\/div>\n\t\t\t\t<div class=\"elementor-element elementor-element-dd0845d elementor-widget elementor-widget-text-editor\" data-id=\"dd0845d\" data-element_type=\"widget\" data-widget_type=\"text-editor.default\">\n\t\t\t\t<div class=\"elementor-widget-container\">\n\t\t\t\t\t\t\t<p>Si te sientes m\u00e1s c\u00f3mod@ realizando el pago <strong>mediante una transferencia bancaria desde tu propio banco,<\/strong> tambi\u00e9n puedes terminar tu compra a trav\u00e9s de esta opci\u00f3n.<\/p><p><strong>Recibir\u00e1s un Email con los datos del pedido y los datos de nuestra cuenta bancaria<\/strong> para que realices la transferencia por el importe de la compra.<\/p>\t\t\t\t\t\t<\/div>\n\t\t\t\t<\/div>\n\t\t\t\t\t<\/div>\n\t\t<\/div>\n\t\t\t\t\t<\/div>\n\t\t<\/section>\n\t\t\t\t<section class=\"elementor-section elementor-top-section elementor-element elementor-element-190b0c3 elementor-section-boxed elementor-section-height-default elementor-section-height-default\" data-id=\"190b0c3\" data-element_type=\"section\">\n\t\t\t\t\t\t<div class=\"elementor-container elementor-column-gap-default\">\n\t\t\t\t\t<div class=\"elementor-column elementor-col-100 elementor-top-column elementor-element elementor-element-0b737ee\" data-id=\"0b737ee\" data-element_type=\"column\">\n\t\t\t<div class=\"elementor-widget-wrap elementor-element-populated\">\n\t\t\t\t\t\t<div class=\"elementor-element elementor-element-f243c1c elementor-widget elementor-widget-text-editor\" data-id=\"f243c1c\" data-element_type=\"widget\" data-widget_type=\"text-editor.default\">\n\t\t\t\t<div class=\"elementor-widget-container\">\n\t\t\t\t\t\t\t<p>Contacta con nosotros si tienes cualquier duda:<\/p><p style=\"font-variant-ligatures: normal; font-variant-caps: normal; font-family: Poppins, sans-serif; font-size: 15px; font-style: normal; font-weight: 400;\">Email\u00a0 \u00a0<span style=\"font-size: 15px; font-weight: bold;\">atriumvitis@gmail.com<\/span><\/p><p style=\"font-variant-ligatures: normal; font-variant-caps: normal; font-family: Poppins, sans-serif; font-size: 15px; font-style: normal; font-weight: 400;\">Whatsapp\/tel\u00e9fono:\u00a0 \u00a0<span style=\"font-size: 15px; font-weight: bold;\">610 440 692<\/span><\/p><p style=\"font-variant-ligatures: normal; font-variant-caps: normal; font-family: Poppins, sans-serif; font-size: 15px; font-style: normal; font-weight: 400;\">Gracias!<\/p><p>\u00a0<\/p>\t\t\t\t\t\t<\/div>\n\t\t\t\t<\/div>\n\t\t\t\t\t<\/div>\n\t\t<\/div>\n\t\t\t\t\t<\/div>\n\t\t<\/section>\n\t\t\t\t<\/div>\n\t\t","protected":false},"excerpt":{"rendered":"<p>M\u00e9todos de Pago autorizados Puedes pagar c\u00f3modamente con tu tarjeta de d\u00e9bito\/cr\u00e9dito en nuestra web de forma segura a trav\u00e9s de nuestra pasarela de pagos. En cuanto se haya confirmado el pago, recibir\u00e1s un Email con los datos del pedido que acabas de realizar. Si te sientes m\u00e1s c\u00f3mod@ realizando el pago mediante una transferencia [&hellip;]<\/p>\n","protected":false},"author":1,"featured_media":0,"parent":0,"menu_order":0,"comment_status":"closed","ping_status":"closed","template":"","meta":{"ocean_post_layout":"full-width","ocean_both_sidebars_style":"","ocean_both_sidebars_content_width":0,"ocean_both_sidebars_sidebars_width":0,"ocean_sidebar":"0","ocean_second_sidebar":"0","ocean_disable_margins":"on","ocean_add_body_class":"","ocean_shortcode_before_top_bar":"","ocean_shortcode_after_top_bar":"","ocean_shortcode_before_header":"","ocean_shortcode_after_header":"","ocean_has_shortcode":"","ocean_shortcode_after_title":"","ocean_shortcode_before_footer_widgets":"","ocean_shortcode_after_footer_widgets":"","ocean_shortcode_before_footer_bottom":"","ocean_shortcode_after_footer_bottom":"","ocean_display_top_bar":"default","ocean_display_header":"default","ocean_header_style":"","ocean_center_header_left_menu":"0","ocean_custom_header_template":"0","ocean_custom_logo":0,"ocean_custom_retina_logo":0,"ocean_custom_logo_max_width":0,"ocean_custom_logo_tablet_max_width":0,"ocean_custom_logo_mobile_max_width":0,"ocean_custom_logo_max_height":0,"ocean_custom_logo_tablet_max_height":0,"ocean_custom_logo_mobile_max_height":0,"ocean_header_custom_menu":"0","ocean_menu_typo_font_family":"0","ocean_menu_typo_font_subset":"","ocean_menu_typo_font_size":0,"ocean_menu_typo_font_size_tablet":0,"ocean_menu_typo_font_size_mobile":0,"ocean_menu_typo_font_size_unit":"px","ocean_menu_typo_font_weight":"","ocean_menu_typo_font_weight_tablet":"","ocean_menu_typo_font_weight_mobile":"","ocean_menu_typo_transform":"","ocean_menu_typo_transform_tablet":"","ocean_menu_typo_transform_mobile":"","ocean_menu_typo_line_height":0,"ocean_menu_typo_line_height_tablet":0,"ocean_menu_typo_line_height_mobile":0,"ocean_menu_typo_line_height_unit":"","ocean_menu_typo_spacing":0,"ocean_menu_typo_spacing_tablet":0,"ocean_menu_typo_spacing_mobile":0,"ocean_menu_typo_spacing_unit":"","ocean_menu_link_color":"","ocean_menu_link_color_hover":"","ocean_menu_link_color_active":"","ocean_menu_link_background":"","ocean_menu_link_hover_background":"","ocean_menu_link_active_background":"","ocean_menu_social_links_bg":"","ocean_menu_social_hover_links_bg":"","ocean_menu_social_links_color":"","ocean_menu_social_hover_links_color":"","ocean_disable_title":"default","ocean_disable_heading":"default","ocean_post_title":"","ocean_post_subheading":"","ocean_post_title_style":"","ocean_post_title_background_color":"","ocean_post_title_background":0,"ocean_post_title_bg_image_position":"","ocean_post_title_bg_image_attachment":"","ocean_post_title_bg_image_repeat":"","ocean_post_title_bg_image_size":"","ocean_post_title_height":0,"ocean_post_title_bg_overlay":0.5,"ocean_post_title_bg_overlay_color":"","ocean_disable_breadcrumbs":"default","ocean_breadcrumbs_color":"","ocean_breadcrumbs_separator_color":"","ocean_breadcrumbs_links_color":"","ocean_breadcrumbs_links_hover_color":"","ocean_display_footer_widgets":"default","ocean_display_footer_bottom":"default","ocean_custom_footer_template":"0","footnotes":""},"yoast_head":"<!-- This site is optimized with the Yoast SEO plugin v14.4.1 - https:\/\/yoast.com\/wordpress\/plugins\/seo\/ -->\n<title>M\u00e9todos de Pago - Bodega Atrium Vitis | Vinos de parcela<\/title>\n<meta name=\"robots\" content=\"noindex, nofollow\" \/>\n<meta property=\"og:locale\" content=\"es_ES\" \/>\n<meta property=\"og:type\" content=\"article\" \/>\n<meta property=\"og:title\" content=\"M\u00e9todos de Pago - Bodega Atrium Vitis | Vinos de parcela\" \/>\n<meta property=\"og:description\" content=\"M\u00e9todos de Pago autorizados Puedes pagar c\u00f3modamente con tu tarjeta de d\u00e9bito\/cr\u00e9dito en nuestra web de forma segura a trav\u00e9s de nuestra pasarela de pagos. En cuanto se haya confirmado el pago, recibir\u00e1s un Email con los datos del pedido que acabas de realizar. Si te sientes m\u00e1s c\u00f3mod@ realizando el pago mediante una transferencia [&hellip;]\" \/>\n<meta property=\"og:url\" content=\"https:\/\/atriumvitis.com\/tiendavinos\/metodos-de-pago\/\" \/>\n<meta property=\"og:site_name\" content=\"Bodega Atrium Vitis | Vinos de parcela\" \/>\n<meta property=\"article:modified_time\" content=\"2024-02-19T10:11:18+00:00\" \/>\n<meta property=\"og:image\" content=\"https:\/\/atriumvitis.com\/tiendavinos\/wp-content\/uploads\/2020\/04\/debit-card.png\" \/>\n<meta name=\"twitter:card\" content=\"summary_large_image\" \/>\n<script type=\"application\/ld+json\" class=\"yoast-schema-graph\">{\"@context\":\"https:\/\/schema.org\",\"@graph\":[{\"@type\":\"Organization\",\"@id\":\"https:\/\/atriumvitis.com\/tiendavinos\/#organization\",\"name\":\"Atrium Vitis Bodega\",\"url\":\"https:\/\/atriumvitis.com\/tiendavinos\/\",\"sameAs\":[],\"logo\":{\"@type\":\"ImageObject\",\"@id\":\"https:\/\/atriumvitis.com\/tiendavinos\/#logo\",\"inLanguage\":\"es\",\"url\":\"https:\/\/atriumvitis.com\/tiendavinos\/wp-content\/uploads\/2020\/04\/logo_atriumvitis_46Kb-200px_ancho.png\",\"width\":200,\"height\":185,\"caption\":\"Atrium Vitis Bodega\"},\"image\":{\"@id\":\"https:\/\/atriumvitis.com\/tiendavinos\/#logo\"}},{\"@type\":\"WebSite\",\"@id\":\"https:\/\/atriumvitis.com\/tiendavinos\/#website\",\"url\":\"https:\/\/atriumvitis.com\/tiendavinos\/\",\"name\":\"Bodega Atrium Vitis | Vinos de parcela\",\"description\":\"Vinos de Ribeira Sacra elaborados por Bodega Atrium Vitis\",\"publisher\":{\"@id\":\"https:\/\/atriumvitis.com\/tiendavinos\/#organization\"},\"potentialAction\":[{\"@type\":\"SearchAction\",\"target\":\"https:\/\/atriumvitis.com\/tiendavinos\/?s={search_term_string}\",\"query-input\":\"required name=search_term_string\"}],\"inLanguage\":\"es\"},{\"@type\":\"ImageObject\",\"@id\":\"https:\/\/atriumvitis.com\/tiendavinos\/metodos-de-pago\/#primaryimage\",\"inLanguage\":\"es\",\"url\":\"https:\/\/atriumvitis.com\/tiendavinos\/wp-content\/uploads\/2020\/04\/debit-card.png\",\"width\":64,\"height\":64},{\"@type\":\"WebPage\",\"@id\":\"https:\/\/atriumvitis.com\/tiendavinos\/metodos-de-pago\/#webpage\",\"url\":\"https:\/\/atriumvitis.com\/tiendavinos\/metodos-de-pago\/\",\"name\":\"M\\u00e9todos de Pago - Bodega Atrium Vitis | Vinos de parcela\",\"isPartOf\":{\"@id\":\"https:\/\/atriumvitis.com\/tiendavinos\/#website\"},\"primaryImageOfPage\":{\"@id\":\"https:\/\/atriumvitis.com\/tiendavinos\/metodos-de-pago\/#primaryimage\"},\"datePublished\":\"2020-03-19T18:43:33+00:00\",\"dateModified\":\"2024-02-19T10:11:18+00:00\",\"inLanguage\":\"es\",\"potentialAction\":[{\"@type\":\"ReadAction\",\"target\":[\"https:\/\/atriumvitis.com\/tiendavinos\/metodos-de-pago\/\"]}]}]}<\/script>\n<!-- \/ Yoast SEO plugin. -->","_links":{"self":[{"href":"https:\/\/atriumvitis.com\/tiendavinos\/wp-json\/wp\/v2\/pages\/1110"}],"collection":[{"href":"https:\/\/atriumvitis.com\/tiendavinos\/wp-json\/wp\/v2\/pages"}],"about":[{"href":"https:\/\/atriumvitis.com\/tiendavinos\/wp-json\/wp\/v2\/types\/page"}],"author":[{"embeddable":true,"href":"https:\/\/atriumvitis.com\/tiendavinos\/wp-json\/wp\/v2\/users\/1"}],"replies":[{"embeddable":true,"href":"https:\/\/atriumvitis.com\/tiendavinos\/wp-json\/wp\/v2\/comments?post=1110"}],"version-history":[{"count":22,"href":"https:\/\/atriumvitis.com\/tiendavinos\/wp-json\/wp\/v2\/pages\/1110\/revisions"}],"predecessor-version":[{"id":8681,"href":"https:\/\/atriumvitis.com\/tiendavinos\/wp-json\/wp\/v2\/pages\/1110\/revisions\/8681"}],"wp:attachment":[{"href":"https:\/\/atriumvitis.com\/tiendavinos\/wp-json\/wp\/v2\/media?parent=1110"}],"curies":[{"name":"wp","href":"https:\/\/api.w.org\/{rel}","templated":true}]}}