{"id":1101,"date":"2020-03-19T18:17:58","date_gmt":"2020-03-19T18:17:58","guid":{"rendered":"https:\/\/atriumvitis.com\/tiendavinos\/?page_id=1101"},"modified":"2024-02-19T11:13:28","modified_gmt":"2024-02-19T10:13:28","slug":"politica-de-cookies","status":"publish","type":"page","link":"https:\/\/atriumvitis.com\/tiendavinos\/politica-de-cookies\/","title":{"rendered":"Pol\u00edtica de Cookies"},"content":{"rendered":"\t\t<div data-elementor-type=\"wp-page\" data-elementor-id=\"1101\" class=\"elementor elementor-1101\">\n\t\t\t\t\t\t<section class=\"elementor-section elementor-top-section elementor-element elementor-element-50bf7b4 elementor-section-boxed elementor-section-height-default elementor-section-height-default\" data-id=\"50bf7b4\" data-element_type=\"section\">\n\t\t\t\t\t\t<div class=\"elementor-container elementor-column-gap-default\">\n\t\t\t\t\t<div class=\"elementor-column elementor-col-100 elementor-top-column elementor-element elementor-element-64764d6\" data-id=\"64764d6\" data-element_type=\"column\">\n\t\t\t<div class=\"elementor-widget-wrap elementor-element-populated\">\n\t\t\t\t\t\t<div class=\"elementor-element elementor-element-3c9d0e1 elementor-widget elementor-widget-heading\" data-id=\"3c9d0e1\" data-element_type=\"widget\" data-widget_type=\"heading.default\">\n\t\t\t\t<div class=\"elementor-widget-container\">\n\t\t\t<h2 class=\"elementor-heading-title elementor-size-default\">Uso de Cookies en la web de atriumvitis.com<\/h2>\t\t<\/div>\n\t\t\t\t<\/div>\n\t\t\t\t<div class=\"elementor-element elementor-element-b859e02 elementor-widget-divider--view-line elementor-widget elementor-widget-divider\" data-id=\"b859e02\" data-element_type=\"widget\" data-widget_type=\"divider.default\">\n\t\t\t\t<div class=\"elementor-widget-container\">\n\t\t\t\t\t<div class=\"elementor-divider\">\n\t\t\t<span class=\"elementor-divider-separator\">\n\t\t\t\t\t\t<\/span>\n\t\t<\/div>\n\t\t\t\t<\/div>\n\t\t\t\t<\/div>\n\t\t\t\t\t<\/div>\n\t\t<\/div>\n\t\t\t\t\t<\/div>\n\t\t<\/section>\n\t\t\t\t<section class=\"elementor-section elementor-top-section elementor-element elementor-element-08c6a3d elementor-section-boxed elementor-section-height-default elementor-section-height-default\" data-id=\"08c6a3d\" data-element_type=\"section\">\n\t\t\t\t\t\t<div class=\"elementor-container elementor-column-gap-default\">\n\t\t\t\t\t<div class=\"elementor-column elementor-col-100 elementor-top-column elementor-element elementor-element-04ef134\" data-id=\"04ef134\" data-element_type=\"column\">\n\t\t\t<div class=\"elementor-widget-wrap elementor-element-populated\">\n\t\t\t\t\t\t<section class=\"elementor-section elementor-inner-section elementor-element elementor-element-bca139c elementor-section-boxed elementor-section-height-default elementor-section-height-default\" data-id=\"bca139c\" data-element_type=\"section\">\n\t\t\t\t\t\t<div class=\"elementor-container elementor-column-gap-default\">\n\t\t\t\t\t<div class=\"elementor-column elementor-col-100 elementor-inner-column elementor-element elementor-element-db9be75\" data-id=\"db9be75\" data-element_type=\"column\">\n\t\t\t<div class=\"elementor-widget-wrap elementor-element-populated\">\n\t\t\t\t\t\t<div class=\"elementor-element elementor-element-a1392d6 elementor-widget elementor-widget-text-editor\" data-id=\"a1392d6\" data-element_type=\"widget\" data-widget_type=\"text-editor.default\">\n\t\t\t\t<div class=\"elementor-widget-container\">\n\t\t\t\t\t\t\t<p>En cumplimiento de la Ley 34\/2002, de 11 de julio, de Servicios de la Sociedad de la Informaci\u00f3n y Comercio Electr\u00f3nico le informamos de la utilizaci\u00f3n de cookies en la web de <b>atriumvitis.com<\/b> con el fin de facilitar y mejorar la navegaci\u00f3n a los usuarios, recordando por donde naveg\u00f3 en el sitio web, su nombre de usuario al registrarse, las preferencias y configuraciones de visualizaci\u00f3n , y ofreciendo a cada usuario informaci\u00f3n que puede ser de su inter\u00e9s.<\/p>\n<p><strong>\u00bfQu\u00e9 son las cookies?<\/strong><\/p>\n<p>Una cookie es un fichero que se descarga en su ordenador o el dispositivo que utilice (Smartphone, tableta, televisi\u00f3n conectada&#8230;.) al acceder a determinadas p\u00e1ginas web o aplicaciones. Las cookies permiten, entre otras cosas, recopilar informaci\u00f3n estad\u00edstica, facilitar ciertas funcionalidades t\u00e9cnicas, almacenar y recuperar informaci\u00f3n sobre los h\u00e1bitos de navegaci\u00f3n o preferencias de un usuario o de su equipo y, dependiendo de la informaci\u00f3n que contengan y de la forma en que utilice su equipo, pueden utilizarse para reconocer al usuario. Una cookie se almacena en un ordenador con el fin de identificar al navegador mientras interacciona con nuestras webs o aplicaciones. Un sitio web puede establecer una cookie en el navegador si las preferencias de \u00e9ste lo permiten. Un navegador s\u00f3lo permite que un sitio web acceda a las cookies que \u00e9ste establece, no a las que establecen otros sitios Web. En la web de&nbsp;<span style=\"font-variant-ligatures: normal; font-variant-caps: normal; font-family: Poppins, sans-serif; font-size: 15px; font-style: normal; font-weight: 700;\">atriumvitis.com<\/span>&nbsp;se utilizan cookies de terceros, que permiten recoger datos an\u00f3nimos estad\u00edsticos sobre las visitas recibidas con el fin de realizar un seguimiento de las campa\u00f1as publicitarias que pudieran estar vigentes en el momento de la visita.<\/p>\n<p><strong>\u00bfPor qu\u00e9 las cookies son importantes?<\/strong><\/p>\n<p><span style=\"font-family: Poppins, sans-serif; font-size: 15px; font-style: normal; font-variant-ligatures: normal; font-variant-caps: normal; font-weight: 700;\">atriumvitis.com<\/span>&nbsp;utiliza estas cookies por a) motivos operativos: Equilibrado y limitaci\u00f3n del tr\u00e1fico como m\u00e9todo de aseguramiento del servicio; b) por facilidad de uso: Hacer m\u00e1s f\u00e1cil y amigable la navegaci\u00f3n en las webs y aplicaciones, por ejemplo, recordar aspectos del usuario como su idioma, pa\u00eds, navegador, etc&#8230; Determinadas cookies son fundamentales para que pueda utilizar servicios de la web de&nbsp;<span style=\"font-family: Poppins, sans-serif; font-size: 15px; font-style: normal; font-variant-ligatures: normal; font-variant-caps: normal; font-weight: 700;\">atriumvitis.com<\/span><\/p>\n<p><span style=\"font-family: Poppins, sans-serif; font-size: 15px; font-style: normal; font-variant-ligatures: normal; font-variant-caps: normal; font-weight: 700;\">atriumvitis.com<\/span>&nbsp;en ning\u00fan caso realiza registro de las actividades que el usuario lleva a cabo en la red ni elabora perfiles de \u00e9ste.<\/p>\n<p><strong>Tipos de cookies utilizadas por&nbsp;<\/strong><span style=\"font-family: Poppins, sans-serif; font-size: 15px; font-style: normal; font-variant-ligatures: normal; font-variant-caps: normal; font-weight: 700;\">atriumvitis.com<\/span><\/p>\n<p><strong>Cookies T\u00e9cnicas:<\/strong>&nbsp;para ayudar a mejorar la calidad de nuestro servicio, incluyendo almacenar preferencias del usuario, mejorando la selecci\u00f3n de anuncio que se le presenta, los resultados de b\u00fasqueda, as\u00ed como rastrear tendencias de usuario. Tambi\u00e9n se utilizan cookies en soportes publicitarios para ayudar a anunciantes a gestionar su publicidad a trav\u00e9s de la web.<\/p>\n<p><strong>Cookies de gesti\u00f3n publicitaria:<\/strong>&nbsp;son cookies de terceros utilizadas para la provisi\u00f3n de publicidad en nuestras webs y aplicaciones. Permiten recoger datos an\u00f3nimos estad\u00edsticos sobre las visitas recibidas para realizar el seguimiento de una campa\u00f1a publicitaria. Tambi\u00e9n pueden recoger informaci\u00f3n que incluir\u00e1 IP del usuario y proveedor de internet, normalmente para objetivos de geotargeting o medici\u00f3n de la exposici\u00f3n de ciertos anuncios dependiendo de la configuraci\u00f3n de su navegador y de su comportamiento ante la exposici\u00f3n de campa\u00f1as publicitarias en internet: el n\u00famero de impresiones de un determinado soporte publicitario, el n\u00famero de clics, visitantes a la p\u00e1gina, etc.<\/p>\n<p><strong>Cookies estad\u00edsticas:<\/strong>&nbsp;recogen informaci\u00f3n sobre fecha de visita, la URL y el t\u00edtulo de la p\u00e1gina web visitada. Los informes generados con esta informaci\u00f3n ser\u00e1n meramente estad\u00edsticos dando informaci\u00f3n sobre el comportamiento de navegaci\u00f3n de forma an\u00f3nima.<\/p>\n<p><strong>Cookies de sesi\u00f3n:<\/strong>&nbsp;guardan informaci\u00f3n del tipo de usuario en la comunidad de&nbsp;<span style=\"font-variant-ligatures: normal; font-variant-caps: normal; font-family: Poppins, sans-serif; font-size: 15px; font-style: normal; font-weight: 700;\">atriumvitis.com<\/span>, guardando el nick de usuario para evitar introducirlo p\u00e1gina a p\u00e1gina, tambi\u00e9n se guarda informaci\u00f3n encriptada e informaci\u00f3n sobre los favoritos del usuario.<\/p>\n<p><strong>Cookies Anal\u00edticas:<\/strong>&nbsp;son utilizadas para realizar el seguimiento sobre el motor de b\u00fasqueda desde el que se ha visitado la web y qu\u00e9 t\u00e9rminos de b\u00fasqueda se utilizaron para encontrarlo, calculan el tiempo pasado en la web en cada sesi\u00f3n y el n\u00famero de veces que el usuario ha visitado la p\u00e1gina. En funci\u00f3n de la entidad que gestiona las cookies, \u00e9stas pueden ser propias (gestionadas por&nbsp;<span style=\"font-variant-ligatures: normal; font-variant-caps: normal; font-family: Poppins, sans-serif; font-size: 15px; font-style: normal; font-weight: 700;\">atriumvitis.com<\/span>) o de terceros prestadores de servicios publicitarios , t\u00e9cnicos, de an\u00e1lisis o estad\u00edsticos cuya finalidad es la provisi\u00f3n de publicidad en nuestras webs y aplicaciones, ayudar a los anunciantes a gestionar su publicidad a trav\u00e9s de la web, o mejorar sus servicios, como por ejemplo los enlaces a las redes sociales que permiten compartir nuestros contenidos.<\/p>\n<p>En nuestra p\u00e1gina la lista de cookies utilizadas podr\u00e1 modificarse en funci\u00f3n de la incorporaci\u00f3n o exclusi\u00f3n de servicios en las webs y aplicaciones.<\/p>\n<p><strong>Tipos de cookies por vencimiento<\/strong><\/p>\n<p>Las Cookies utilizadas en&nbsp;<span style=\"font-variant-ligatures: normal; font-variant-caps: normal; font-family: Poppins, sans-serif; font-size: 15px; font-style: normal; font-weight: 700;\">atriumvitis.com<\/span>&nbsp;pueden tener los siguientes tipos de vencimientos:<\/p>\n<ol>\n<li>De sesi\u00f3n: Con vencimiento una vez que el usuario sale de la sesi\u00f3n.<\/li>\n<li>De Servicio Relacionadas con alg\u00fan servicio personalizado dentro del site, con vencimiento inferior a veinticuatro horas (24h).<\/li>\n<li>Persistentes: quedan permanentemente instaladas en tu navegador y son activadas cada vez que visitas el site, siempre y cuando no se desactive su uso.<\/li>\n<\/ol>\n<p><strong>Configuraci\u00f3n de cookies y revocaci\u00f3n del consentimiento<\/strong><\/p>\n<p>Usted puede gestionar las cookies a trav\u00e9s de la configuraci\u00f3n de su navegador o dispositivo, en el caso de que decida bloquearlas , es posible que ciertos servicios que necesitan cookies no funcionen correctamente o no est\u00e9n disponibles para usted. Puede llevar a cabo la gesti\u00f3n de las cookies en las siguientes ubicaciones de los navegadores m\u00e1s populares :<\/p>\n<ul>\n<li>Internet Explorer: Herramientas &#8211; &gt; Opciones de Internet &#8211; &gt; Privacidad &#8211; &gt; Configuraci\u00f3n. Para m\u00e1s informaci\u00f3n, puede consultar el soporte de Microsoft o la Ayuda del navegador.<\/li>\n<li>Firefox: Herramientas &#8211; &gt; Opciones &#8211; &gt; Privacidad &#8211; &gt; Historial &#8211; &gt; Configuraci\u00f3n Personalizada. Para m\u00e1s informaci\u00f3n, puede consultar el soporte de Mozilla o la Ayuda del navegador.<\/li>\n<li>Chrome: Configuraci\u00f3n &#8211; &gt; Mostrar opciones avanzadas &#8211; &gt; Privacidad &#8211; &gt; Configuraci\u00f3n de contenido. Para m\u00e1s informaci\u00f3n, puede consultar el soporte de Google o la Ayuda del navegador.<\/li>\n<li>Safari: Preferencias &#8211; &gt; Seguridad.<\/li>\n<\/ul>\n<p>Para m\u00e1s informaci\u00f3n, puede consultar el soporte de Apple o la Ayuda del navegador.<\/p>\n<p>Finalmente, puede usted dirigirse al portal Your Online Choices d\u00f3nde adem\u00e1s de encontrar informaci\u00f3n \u00fatil, podr\u00e1 configurar, proveedor por proveedor, sus preferencias sobre las cookies publicitarias de terceros.<\/p>\n<p><strong>Aceptaci\u00f3n de cookies<\/strong><\/p>\n<p>Si usted contin\u00faa su navegaci\u00f3n una vez informado sobre la Pol\u00edtica de Cookies, entenderemos que acepta la utilizaci\u00f3n de las cookies por parte de la web. Sin embargo, si usted quiere, puede cambiar la configuraci\u00f3n de cookies en cualquier momento, configurando su navegador para aceptar, o no, las cookies que recibe o para que el navegador le avise cuando un servidor quiera guardar una cookie. Le informamos que en el caso de bloquear o no aceptar la instalaci\u00f3n de cookies, es posible que ciertos servicios no est\u00e9n disponibles sin la utilizaci\u00f3n de \u00e9stas o que no pueda acceder a determinados servicios ni tampoco aprovechar por completo todo lo que nuestra web y aplicaciones le ofrecen.<\/p>\n<p>Adem\u00e1s del uso de cookies propias de&nbsp;<span style=\"font-variant-ligatures: normal; font-variant-caps: normal; font-family: Poppins, sans-serif; font-size: 15px; font-style: normal; font-weight: 700;\">atriumvitis.com<\/span>, permitimos a terceros establecer cookies y acceder a ellas en su ordenador. El consentimiento del uso de las cookies de estas empresas est\u00e1 ligado a la navegaci\u00f3n por este sitio.<\/p>\n<p><span style=\"font-family: Poppins, sans-serif; font-size: 15px; font-style: normal; font-variant-ligatures: normal; font-variant-caps: normal; font-weight: 700;\">atriumvitis.com<\/span>&nbsp;le agradece que consienta la aceptaci\u00f3n de cookies, esto nos ayuda a obtener datos m\u00e1s precisos que nos permiten mejorar el contenido y el dise\u00f1o de nuestras p\u00e1ginas webs y aplicaciones para adaptarlas a sus preferencias.<\/p>\n<p>En caso de que&nbsp;<span style=\"font-variant-ligatures: normal; font-variant-caps: normal; font-family: Poppins, sans-serif; font-size: 15px; font-style: normal; font-weight: 700;\">atriumvitis.com<\/span>&nbsp;prestara alg\u00fan tipo de servicio especial en el que determine unas previsiones espec\u00edficas diferentes a \u00e9stas en lo relativo a la protecci\u00f3n de datos personales y la utilizaci\u00f3n de cookies, prevalecer\u00e1n las normas particulares indicadas para ese servicio en particular sobre las presentes.<\/p>\n<p>Al acceder a este sitio web desde la primera vez, tendr\u00e1 acceso a este apartado para la utilizaci\u00f3n de las cookies y donde puede consultar esta \u201cPol\u00edtica de cookies\u201d. Si usted contin\u00faa navegando o hace clic en alg\u00fan link se entender\u00e1 que usted ha consentido nuestra pol\u00edtica de cookies y por tanto la instalaci\u00f3n de las mismas en su equipo o dispositivo.<\/p>\n<p>Los posibles cambios en nuestra web nos obligan a revisar esta pol\u00edtica peri\u00f3dicamente, ha sido revisada por \u00faltima vez en Octubre de 2016.<\/p>\t\t\t\t\t\t<\/div>\n\t\t\t\t<\/div>\n\t\t\t\t\t<\/div>\n\t\t<\/div>\n\t\t\t\t\t<\/div>\n\t\t<\/section>\n\t\t\t\t\t<\/div>\n\t\t<\/div>\n\t\t\t\t\t<\/div>\n\t\t<\/section>\n\t\t\t\t<\/div>\n\t\t","protected":false},"excerpt":{"rendered":"<p>Uso de Cookies en la web de atriumvitis.com En cumplimiento de la Ley 34\/2002, de 11 de julio, de Servicios de la Sociedad de la Informaci\u00f3n y Comercio Electr\u00f3nico le informamos de la utilizaci\u00f3n de cookies en la web de atriumvitis.com con el fin de facilitar y mejorar la navegaci\u00f3n a los usuarios, recordando por [&hellip;]<\/p>\n","protected":false},"author":1,"featured_media":0,"parent":0,"menu_order":0,"comment_status":"closed","ping_status":"closed","template":"","meta":{"ocean_post_layout":"full-width","ocean_both_sidebars_style":"","ocean_both_sidebars_content_width":0,"ocean_both_sidebars_sidebars_width":0,"ocean_sidebar":"0","ocean_second_sidebar":"0","ocean_disable_margins":"on","ocean_add_body_class":"","ocean_shortcode_before_top_bar":"","ocean_shortcode_after_top_bar":"","ocean_shortcode_before_header":"","ocean_shortcode_after_header":"","ocean_has_shortcode":"","ocean_shortcode_after_title":"","ocean_shortcode_before_footer_widgets":"","ocean_shortcode_after_footer_widgets":"","ocean_shortcode_before_footer_bottom":"","ocean_shortcode_after_footer_bottom":"","ocean_display_top_bar":"default","ocean_display_header":"default","ocean_header_style":"","ocean_center_header_left_menu":"0","ocean_custom_header_template":"0","ocean_custom_logo":0,"ocean_custom_retina_logo":0,"ocean_custom_logo_max_width":0,"ocean_custom_logo_tablet_max_width":0,"ocean_custom_logo_mobile_max_width":0,"ocean_custom_logo_max_height":0,"ocean_custom_logo_tablet_max_height":0,"ocean_custom_logo_mobile_max_height":0,"ocean_header_custom_menu":"0","ocean_menu_typo_font_family":"0","ocean_menu_typo_font_subset":"","ocean_menu_typo_font_size":0,"ocean_menu_typo_font_size_tablet":0,"ocean_menu_typo_font_size_mobile":0,"ocean_menu_typo_font_size_unit":"px","ocean_menu_typo_font_weight":"","ocean_menu_typo_font_weight_tablet":"","ocean_menu_typo_font_weight_mobile":"","ocean_menu_typo_transform":"","ocean_menu_typo_transform_tablet":"","ocean_menu_typo_transform_mobile":"","ocean_menu_typo_line_height":0,"ocean_menu_typo_line_height_tablet":0,"ocean_menu_typo_line_height_mobile":0,"ocean_menu_typo_line_height_unit":"","ocean_menu_typo_spacing":0,"ocean_menu_typo_spacing_tablet":0,"ocean_menu_typo_spacing_mobile":0,"ocean_menu_typo_spacing_unit":"","ocean_menu_link_color":"","ocean_menu_link_color_hover":"","ocean_menu_link_color_active":"","ocean_menu_link_background":"","ocean_menu_link_hover_background":"","ocean_menu_link_active_background":"","ocean_menu_social_links_bg":"","ocean_menu_social_hover_links_bg":"","ocean_menu_social_links_color":"","ocean_menu_social_hover_links_color":"","ocean_disable_title":"default","ocean_disable_heading":"default","ocean_post_title":"","ocean_post_subheading":"","ocean_post_title_style":"","ocean_post_title_background_color":"","ocean_post_title_background":0,"ocean_post_title_bg_image_position":"","ocean_post_title_bg_image_attachment":"","ocean_post_title_bg_image_repeat":"","ocean_post_title_bg_image_size":"","ocean_post_title_height":0,"ocean_post_title_bg_overlay":0.5,"ocean_post_title_bg_overlay_color":"","ocean_disable_breadcrumbs":"default","ocean_breadcrumbs_color":"","ocean_breadcrumbs_separator_color":"","ocean_breadcrumbs_links_color":"","ocean_breadcrumbs_links_hover_color":"","ocean_display_footer_widgets":"default","ocean_display_footer_bottom":"default","ocean_custom_footer_template":"0","footnotes":""},"yoast_head":"<!-- This site is optimized with the Yoast SEO plugin v14.4.1 - https:\/\/yoast.com\/wordpress\/plugins\/seo\/ -->\n<title>Pol\u00edtica de Cookies - Bodega Atrium Vitis | Vinos de parcela<\/title>\n<meta name=\"robots\" content=\"noindex, nofollow\" \/>\n<meta property=\"og:locale\" content=\"es_ES\" \/>\n<meta property=\"og:type\" content=\"article\" \/>\n<meta property=\"og:title\" content=\"Pol\u00edtica de Cookies - Bodega Atrium Vitis | Vinos de parcela\" \/>\n<meta property=\"og:description\" content=\"Uso de Cookies en la web de atriumvitis.com En cumplimiento de la Ley 34\/2002, de 11 de julio, de Servicios de la Sociedad de la Informaci\u00f3n y Comercio Electr\u00f3nico le informamos de la utilizaci\u00f3n de cookies en la web de atriumvitis.com con el fin de facilitar y mejorar la navegaci\u00f3n a los usuarios, recordando por [&hellip;]\" \/>\n<meta property=\"og:url\" content=\"https:\/\/atriumvitis.com\/tiendavinos\/politica-de-cookies\/\" \/>\n<meta property=\"og:site_name\" content=\"Bodega Atrium Vitis | Vinos de parcela\" \/>\n<meta property=\"article:modified_time\" content=\"2024-02-19T10:13:28+00:00\" \/>\n<meta name=\"twitter:card\" content=\"summary_large_image\" \/>\n<script type=\"application\/ld+json\" class=\"yoast-schema-graph\">{\"@context\":\"https:\/\/schema.org\",\"@graph\":[{\"@type\":\"Organization\",\"@id\":\"https:\/\/atriumvitis.com\/tiendavinos\/#organization\",\"name\":\"Atrium Vitis Bodega\",\"url\":\"https:\/\/atriumvitis.com\/tiendavinos\/\",\"sameAs\":[],\"logo\":{\"@type\":\"ImageObject\",\"@id\":\"https:\/\/atriumvitis.com\/tiendavinos\/#logo\",\"inLanguage\":\"es\",\"url\":\"https:\/\/atriumvitis.com\/tiendavinos\/wp-content\/uploads\/2020\/04\/logo_atriumvitis_46Kb-200px_ancho.png\",\"width\":200,\"height\":185,\"caption\":\"Atrium Vitis Bodega\"},\"image\":{\"@id\":\"https:\/\/atriumvitis.com\/tiendavinos\/#logo\"}},{\"@type\":\"WebSite\",\"@id\":\"https:\/\/atriumvitis.com\/tiendavinos\/#website\",\"url\":\"https:\/\/atriumvitis.com\/tiendavinos\/\",\"name\":\"Bodega Atrium Vitis | Vinos de parcela\",\"description\":\"Vinos de Ribeira Sacra elaborados por Bodega Atrium Vitis\",\"publisher\":{\"@id\":\"https:\/\/atriumvitis.com\/tiendavinos\/#organization\"},\"potentialAction\":[{\"@type\":\"SearchAction\",\"target\":\"https:\/\/atriumvitis.com\/tiendavinos\/?s={search_term_string}\",\"query-input\":\"required name=search_term_string\"}],\"inLanguage\":\"es\"},{\"@type\":\"WebPage\",\"@id\":\"https:\/\/atriumvitis.com\/tiendavinos\/politica-de-cookies\/#webpage\",\"url\":\"https:\/\/atriumvitis.com\/tiendavinos\/politica-de-cookies\/\",\"name\":\"Pol\\u00edtica de Cookies - Bodega Atrium Vitis | Vinos de parcela\",\"isPartOf\":{\"@id\":\"https:\/\/atriumvitis.com\/tiendavinos\/#website\"},\"datePublished\":\"2020-03-19T18:17:58+00:00\",\"dateModified\":\"2024-02-19T10:13:28+00:00\",\"inLanguage\":\"es\",\"potentialAction\":[{\"@type\":\"ReadAction\",\"target\":[\"https:\/\/atriumvitis.com\/tiendavinos\/politica-de-cookies\/\"]}]}]}<\/script>\n<!-- \/ Yoast SEO plugin. -->","_links":{"self":[{"href":"https:\/\/atriumvitis.com\/tiendavinos\/wp-json\/wp\/v2\/pages\/1101"}],"collection":[{"href":"https:\/\/atriumvitis.com\/tiendavinos\/wp-json\/wp\/v2\/pages"}],"about":[{"href":"https:\/\/atriumvitis.com\/tiendavinos\/wp-json\/wp\/v2\/types\/page"}],"author":[{"embeddable":true,"href":"https:\/\/atriumvitis.com\/tiendavinos\/wp-json\/wp\/v2\/users\/1"}],"replies":[{"embeddable":true,"href":"https:\/\/atriumvitis.com\/tiendavinos\/wp-json\/wp\/v2\/comments?post=1101"}],"version-history":[{"count":17,"href":"https:\/\/atriumvitis.com\/tiendavinos\/wp-json\/wp\/v2\/pages\/1101\/revisions"}],"predecessor-version":[{"id":8682,"href":"https:\/\/atriumvitis.com\/tiendavinos\/wp-json\/wp\/v2\/pages\/1101\/revisions\/8682"}],"wp:attachment":[{"href":"https:\/\/atriumvitis.com\/tiendavinos\/wp-json\/wp\/v2\/media?parent=1101"}],"curies":[{"name":"wp","href":"https:\/\/api.w.org\/{rel}","templated":true}]}}