{"id":1041,"date":"2020-03-18T16:35:12","date_gmt":"2020-03-18T16:35:12","guid":{"rendered":"https:\/\/atriumvitis.com\/tiendavinos\/?page_id=1041"},"modified":"2020-04-26T12:41:41","modified_gmt":"2020-04-26T12:41:41","slug":"sobre-nosotros","status":"publish","type":"page","link":"https:\/\/atriumvitis.com\/tiendavinos\/sobre-nosotros\/","title":{"rendered":"Sobre nosotros"},"content":{"rendered":"\t\t<div data-elementor-type=\"wp-page\" data-elementor-id=\"1041\" class=\"elementor elementor-1041\">\n\t\t\t\t\t\t<section class=\"elementor-section elementor-top-section elementor-element elementor-element-03cb06f elementor-section-boxed elementor-section-height-default elementor-section-height-default\" data-id=\"03cb06f\" data-element_type=\"section\">\n\t\t\t\t\t\t<div class=\"elementor-container elementor-column-gap-default\">\n\t\t\t\t\t<div class=\"elementor-column elementor-col-100 elementor-top-column elementor-element elementor-element-9d19337\" data-id=\"9d19337\" data-element_type=\"column\">\n\t\t\t<div class=\"elementor-widget-wrap elementor-element-populated\">\n\t\t\t\t\t\t<div class=\"elementor-element elementor-element-dfad19d elementor-widget elementor-widget-heading\" data-id=\"dfad19d\" data-element_type=\"widget\" data-widget_type=\"heading.default\">\n\t\t\t\t<div class=\"elementor-widget-container\">\n\t\t\t<h1 class=\"elementor-heading-title elementor-size-default\">BODEGA ATRIUM VITIS<\/h1>\t\t<\/div>\n\t\t\t\t<\/div>\n\t\t\t\t<div class=\"elementor-element elementor-element-08e5ad4 elementor-widget elementor-widget-image\" data-id=\"08e5ad4\" data-element_type=\"widget\" data-widget_type=\"image.default\">\n\t\t\t\t<div class=\"elementor-widget-container\">\n\t\t\t\t\t\t\t\t\t\t\t\t\t<img decoding=\"async\" width=\"150\" height=\"150\" src=\"https:\/\/atriumvitis.com\/tiendavinos\/wp-content\/uploads\/2019\/12\/logo_atriumvitis_72Kb-150x150.png\" class=\"attachment-thumbnail size-thumbnail wp-image-88\" alt=\"\" srcset=\"https:\/\/atriumvitis.com\/tiendavinos\/wp-content\/uploads\/2019\/12\/logo_atriumvitis_72Kb-150x150.png 150w, https:\/\/atriumvitis.com\/tiendavinos\/wp-content\/uploads\/2019\/12\/logo_atriumvitis_72Kb-100x100.png 100w\" sizes=\"(max-width: 150px) 100vw, 150px\" \/>\t\t\t\t\t\t\t\t\t\t\t\t\t<\/div>\n\t\t\t\t<\/div>\n\t\t\t\t<div class=\"elementor-element elementor-element-3d8b0f5 elementor-widget-divider--view-line elementor-widget elementor-widget-divider\" data-id=\"3d8b0f5\" data-element_type=\"widget\" data-widget_type=\"divider.default\">\n\t\t\t\t<div class=\"elementor-widget-container\">\n\t\t\t\t\t<div class=\"elementor-divider\">\n\t\t\t<span class=\"elementor-divider-separator\">\n\t\t\t\t\t\t<\/span>\n\t\t<\/div>\n\t\t\t\t<\/div>\n\t\t\t\t<\/div>\n\t\t\t\t<div class=\"elementor-element elementor-element-7c2f73f elementor-widget elementor-widget-heading\" data-id=\"7c2f73f\" data-element_type=\"widget\" data-widget_type=\"heading.default\">\n\t\t\t\t<div class=\"elementor-widget-container\">\n\t\t\t<h1 class=\"elementor-heading-title elementor-size-default\">Somos unos <b>locos del vino, enamorados<\/b> de la tierra, <b>amantes<i> <\/i><\/b>de parcelas rec\u00f3nditas con una historia que contar...<\/h1>\t\t<\/div>\n\t\t\t\t<\/div>\n\t\t\t\t<div class=\"elementor-element elementor-element-ddcdb82 elementor-widget elementor-widget-heading\" data-id=\"ddcdb82\" data-element_type=\"widget\" data-widget_type=\"heading.default\">\n\t\t\t\t<div class=\"elementor-widget-container\">\n\t\t\t<h1 class=\"elementor-heading-title elementor-size-default\">Con vi\u00f1as que son <b>trabajo f\u00edsico<\/b>, dificultad...<\/h1>\t\t<\/div>\n\t\t\t\t<\/div>\n\t\t\t\t<div class=\"elementor-element elementor-element-9113abe elementor-widget elementor-widget-spacer\" data-id=\"9113abe\" data-element_type=\"widget\" data-widget_type=\"spacer.default\">\n\t\t\t\t<div class=\"elementor-widget-container\">\n\t\t\t\t\t<div class=\"elementor-spacer\">\n\t\t\t<div class=\"elementor-spacer-inner\"><\/div>\n\t\t<\/div>\n\t\t\t\t<\/div>\n\t\t\t\t<\/div>\n\t\t\t\t<div class=\"elementor-element elementor-element-5560dc4 elementor-widget elementor-widget-image\" data-id=\"5560dc4\" data-element_type=\"widget\" data-widget_type=\"image.default\">\n\t\t\t\t<div class=\"elementor-widget-container\">\n\t\t\t\t\t\t\t\t\t\t\t\t\t<img decoding=\"async\" src=\"https:\/\/atriumvitis.com\/tiendavinos\/wp-content\/uploads\/2020\/04\/cepa_viejuna_en_vaso.jpg\" title=\"cepa_viejuna_en_vaso\" alt=\"cepa_viejuna_en_vaso\" loading=\"lazy\" \/>\t\t\t\t\t\t\t\t\t\t\t\t\t<\/div>\n\t\t\t\t<\/div>\n\t\t\t\t<div class=\"elementor-element elementor-element-4ec8c39 elementor-widget elementor-widget-spacer\" data-id=\"4ec8c39\" data-element_type=\"widget\" data-widget_type=\"spacer.default\">\n\t\t\t\t<div class=\"elementor-widget-container\">\n\t\t\t\t\t<div class=\"elementor-spacer\">\n\t\t\t<div class=\"elementor-spacer-inner\"><\/div>\n\t\t<\/div>\n\t\t\t\t<\/div>\n\t\t\t\t<\/div>\n\t\t\t\t<div class=\"elementor-element elementor-element-3a075f4 elementor-widget elementor-widget-heading\" data-id=\"3a075f4\" data-element_type=\"widget\" data-widget_type=\"heading.default\">\n\t\t\t\t<div class=\"elementor-widget-container\">\n\t\t\t<h1 class=\"elementor-heading-title elementor-size-default\">Vi\u00f1as que son un <b style=\"\">reto de superaci\u00f3n<\/b> antes de darte una satisfacci\u00f3n:<\/h1>\t\t<\/div>\n\t\t\t\t<\/div>\n\t\t\t\t<div class=\"elementor-element elementor-element-ee0650a elementor-widget elementor-widget-spacer\" data-id=\"ee0650a\" data-element_type=\"widget\" data-widget_type=\"spacer.default\">\n\t\t\t\t<div class=\"elementor-widget-container\">\n\t\t\t\t\t<div class=\"elementor-spacer\">\n\t\t\t<div class=\"elementor-spacer-inner\"><\/div>\n\t\t<\/div>\n\t\t\t\t<\/div>\n\t\t\t\t<\/div>\n\t\t\t\t<div class=\"elementor-element elementor-element-5f9a9e3 elementor-widget elementor-widget-image\" data-id=\"5f9a9e3\" data-element_type=\"widget\" data-widget_type=\"image.default\">\n\t\t\t\t<div class=\"elementor-widget-container\">\n\t\t\t\t\t\t\t\t\t\t\t\t\t<img decoding=\"async\" src=\"https:\/\/atriumvitis.com\/tiendavinos\/wp-content\/uploads\/2020\/04\/cepaTintaOK-scaled.jpg\" title=\"cepaTintaOK\" alt=\"cepaTintaOK\" loading=\"lazy\" \/>\t\t\t\t\t\t\t\t\t\t\t\t\t<\/div>\n\t\t\t\t<\/div>\n\t\t\t\t<div class=\"elementor-element elementor-element-ba3c6b8 elementor-widget elementor-widget-spacer\" data-id=\"ba3c6b8\" data-element_type=\"widget\" data-widget_type=\"spacer.default\">\n\t\t\t\t<div class=\"elementor-widget-container\">\n\t\t\t\t\t<div class=\"elementor-spacer\">\n\t\t\t<div class=\"elementor-spacer-inner\"><\/div>\n\t\t<\/div>\n\t\t\t\t<\/div>\n\t\t\t\t<\/div>\n\t\t\t\t<div class=\"elementor-element elementor-element-eabc3c3 elementor-widget elementor-widget-heading\" data-id=\"eabc3c3\" data-element_type=\"widget\" data-widget_type=\"heading.default\">\n\t\t\t\t<div class=\"elementor-widget-container\">\n\t\t\t<h1 class=\"elementor-heading-title elementor-size-default\"><b>Vi\u00f1as<i> <\/i><\/b>que no eliges, <b style=\"\">ellas te eligen a ti...<\/b><\/h1>\t\t<\/div>\n\t\t\t\t<\/div>\n\t\t\t\t<div class=\"elementor-element elementor-element-6766e84 elementor-widget elementor-widget-spacer\" data-id=\"6766e84\" data-element_type=\"widget\" data-widget_type=\"spacer.default\">\n\t\t\t\t<div class=\"elementor-widget-container\">\n\t\t\t\t\t<div class=\"elementor-spacer\">\n\t\t\t<div class=\"elementor-spacer-inner\"><\/div>\n\t\t<\/div>\n\t\t\t\t<\/div>\n\t\t\t\t<\/div>\n\t\t\t\t<div class=\"elementor-element elementor-element-f44b9b9 elementor-widget elementor-widget-image\" data-id=\"f44b9b9\" data-element_type=\"widget\" data-widget_type=\"image.default\">\n\t\t\t\t<div class=\"elementor-widget-container\">\n\t\t\t\t\t\t\t\t\t\t\t\t\t<img decoding=\"async\" src=\"https:\/\/atriumvitis.com\/tiendavinos\/wp-content\/uploads\/2020\/04\/vi\u00f1asyR\u00edoSil-OK.jpg\" title=\"vi\u00f1asyR\u00edoSil OK\" alt=\"vi\u00f1asyR\u00edoSil OK\" loading=\"lazy\" \/>\t\t\t\t\t\t\t\t\t\t\t\t\t<\/div>\n\t\t\t\t<\/div>\n\t\t\t\t<div class=\"elementor-element elementor-element-84c0f8e elementor-widget elementor-widget-spacer\" data-id=\"84c0f8e\" data-element_type=\"widget\" data-widget_type=\"spacer.default\">\n\t\t\t\t<div class=\"elementor-widget-container\">\n\t\t\t\t\t<div class=\"elementor-spacer\">\n\t\t\t<div class=\"elementor-spacer-inner\"><\/div>\n\t\t<\/div>\n\t\t\t\t<\/div>\n\t\t\t\t<\/div>\n\t\t\t\t<div class=\"elementor-element elementor-element-b8fbf46 elementor-widget elementor-widget-heading\" data-id=\"b8fbf46\" data-element_type=\"widget\" data-widget_type=\"heading.default\">\n\t\t\t\t<div class=\"elementor-widget-container\">\n\t\t\t<h1 class=\"elementor-heading-title elementor-size-default\">Creemos firmemente<b style=\"font-style: italic;\"> <\/b>en la <b>singularidad de este territorio<\/b>, en el trabajo, en la <b style=\"\">sensibilidad<\/b>,  en la <b>riqueza geol\u00f3gica<\/b> de millones de a\u00f1os que espera por nuestros vinos para poderse expresar...<\/h1>\t\t<\/div>\n\t\t\t\t<\/div>\n\t\t\t\t<div class=\"elementor-element elementor-element-bdf8243 elementor-widget elementor-widget-spacer\" data-id=\"bdf8243\" data-element_type=\"widget\" data-widget_type=\"spacer.default\">\n\t\t\t\t<div class=\"elementor-widget-container\">\n\t\t\t\t\t<div class=\"elementor-spacer\">\n\t\t\t<div class=\"elementor-spacer-inner\"><\/div>\n\t\t<\/div>\n\t\t\t\t<\/div>\n\t\t\t\t<\/div>\n\t\t\t\t<div class=\"elementor-element elementor-element-c7adbab elementor-widget elementor-widget-image\" data-id=\"c7adbab\" data-element_type=\"widget\" data-widget_type=\"image.default\">\n\t\t\t\t<div class=\"elementor-widget-container\">\n\t\t\t\t\t\t\t\t\t\t\t\t\t<img decoding=\"async\" src=\"https:\/\/atriumvitis.com\/tiendavinos\/wp-content\/uploads\/2020\/04\/piedras_territorio_AV.jpg\" title=\"piedras_territorio_AV\" alt=\"piedras_territorio_AV\" loading=\"lazy\" \/>\t\t\t\t\t\t\t\t\t\t\t\t\t<\/div>\n\t\t\t\t<\/div>\n\t\t\t\t<div class=\"elementor-element elementor-element-5a2c709 elementor-widget elementor-widget-spacer\" data-id=\"5a2c709\" data-element_type=\"widget\" data-widget_type=\"spacer.default\">\n\t\t\t\t<div class=\"elementor-widget-container\">\n\t\t\t\t\t<div class=\"elementor-spacer\">\n\t\t\t<div class=\"elementor-spacer-inner\"><\/div>\n\t\t<\/div>\n\t\t\t\t<\/div>\n\t\t\t\t<\/div>\n\t\t\t\t<div class=\"elementor-element elementor-element-3d27c0d elementor-widget elementor-widget-heading\" data-id=\"3d27c0d\" data-element_type=\"widget\" data-widget_type=\"heading.default\">\n\t\t\t\t<div class=\"elementor-widget-container\">\n\t\t\t<h1 class=\"elementor-heading-title elementor-size-default\">Ahh!!! Se me olvidaba!! <b>  <\/b>Tambi\u00e9n somos una bodega!!<br><br>Bodega \"<b>Atrium Vitis<\/b>\" significa el \"Atrio de la Vid\". Atrio es el patio central de una casa romana, del mismo modo que la vid est\u00e1 en el centro de nuestro proyecto.<br><br>Somos bodega y pertenecemos a la Denominaci\u00f3n de Origen \"Ribeira Sacra\" desde 2012. Estamos en Galicia, en una peque\u00f1a localidad de Lugo llamada Quiroga, con una gran tradici\u00f3n de vino desde la \u00e9poca de los asentamientos romanos, pasando por la historia medieval hasta nuestros d\u00edas.<br><br>Rodeados de monta\u00f1as con un microclima excepcional, cultivamos 6 hect\u00e1reas en diferentes latitudes y con suelos muy distintos entre s\u00ed. Nuestras vi\u00f1as est\u00e1n asentadas en territorio del <b>Geoparque <\/b>Mundial de la UNESCO \"<b>Monta\u00f1as do Caurel<\/b>\", y tambi\u00e9n existe un Museo Geol\u00f3gico por la importancia de los hallazgos geol\u00f3gicos y la singularidad de los diferentes suelos.<br><br>As\u00ed, con las 12 parcelas que trabajamos (algunas un aut\u00e9ntico legado hist\u00f3rico que nos esforzamos en conservar a pesar de la dificultad de su cultivo), elaboramos \"<b>vinos de parcela<\/b>\" con las diferentes variedades ancestrales gallegas y atendiendo a la singularidad de sus suelos.<br><br><\/h1>\t\t<\/div>\n\t\t\t\t<\/div>\n\t\t\t\t<div class=\"elementor-element elementor-element-ecc13bc elementor-widget elementor-widget-text-editor\" data-id=\"ecc13bc\" data-element_type=\"widget\" data-widget_type=\"text-editor.default\">\n\t\t\t\t<div class=\"elementor-widget-container\">\n\t\t\t\t\t\t\t\t\t\t\t\t\t<\/div>\n\t\t\t\t<\/div>\n\t\t\t\t\t<\/div>\n\t\t<\/div>\n\t\t\t\t\t<\/div>\n\t\t<\/section>\n\t\t\t\t<\/div>\n\t\t","protected":false},"excerpt":{"rendered":"<p>BODEGA ATRIUM VITIS Somos unos locos del vino, enamorados de la tierra, amantes de parcelas rec\u00f3nditas con una historia que contar&#8230; Con vi\u00f1as que son trabajo f\u00edsico, dificultad&#8230; Vi\u00f1as que son un reto de superaci\u00f3n antes de darte una satisfacci\u00f3n: Vi\u00f1as que no eliges, ellas te eligen a ti&#8230; Creemos firmemente en la singularidad de [&hellip;]<\/p>\n","protected":false},"author":1,"featured_media":0,"parent":0,"menu_order":0,"comment_status":"closed","ping_status":"closed","template":"","meta":{"ocean_post_layout":"full-width","ocean_both_sidebars_style":"","ocean_both_sidebars_content_width":0,"ocean_both_sidebars_sidebars_width":0,"ocean_sidebar":"0","ocean_second_sidebar":"0","ocean_disable_margins":"on","ocean_add_body_class":"","ocean_shortcode_before_top_bar":"","ocean_shortcode_after_top_bar":"","ocean_shortcode_before_header":"","ocean_shortcode_after_header":"","ocean_has_shortcode":"","ocean_shortcode_after_title":"","ocean_shortcode_before_footer_widgets":"","ocean_shortcode_after_footer_widgets":"","ocean_shortcode_before_footer_bottom":"","ocean_shortcode_after_footer_bottom":"","ocean_display_top_bar":"default","ocean_display_header":"default","ocean_header_style":"","ocean_center_header_left_menu":"0","ocean_custom_header_template":"0","ocean_custom_logo":0,"ocean_custom_retina_logo":0,"ocean_custom_logo_max_width":0,"ocean_custom_logo_tablet_max_width":0,"ocean_custom_logo_mobile_max_width":0,"ocean_custom_logo_max_height":0,"ocean_custom_logo_tablet_max_height":0,"ocean_custom_logo_mobile_max_height":0,"ocean_header_custom_menu":"0","ocean_menu_typo_font_family":"0","ocean_menu_typo_font_subset":"","ocean_menu_typo_font_size":0,"ocean_menu_typo_font_size_tablet":0,"ocean_menu_typo_font_size_mobile":0,"ocean_menu_typo_font_size_unit":"px","ocean_menu_typo_font_weight":"","ocean_menu_typo_font_weight_tablet":"","ocean_menu_typo_font_weight_mobile":"","ocean_menu_typo_transform":"","ocean_menu_typo_transform_tablet":"","ocean_menu_typo_transform_mobile":"","ocean_menu_typo_line_height":0,"ocean_menu_typo_line_height_tablet":0,"ocean_menu_typo_line_height_mobile":0,"ocean_menu_typo_line_height_unit":"","ocean_menu_typo_spacing":0,"ocean_menu_typo_spacing_tablet":0,"ocean_menu_typo_spacing_mobile":0,"ocean_menu_typo_spacing_unit":"","ocean_menu_link_color":"","ocean_menu_link_color_hover":"","ocean_menu_link_color_active":"","ocean_menu_link_background":"","ocean_menu_link_hover_background":"","ocean_menu_link_active_background":"","ocean_menu_social_links_bg":"","ocean_menu_social_hover_links_bg":"","ocean_menu_social_links_color":"","ocean_menu_social_hover_links_color":"","ocean_disable_title":"default","ocean_disable_heading":"default","ocean_post_title":"","ocean_post_subheading":"","ocean_post_title_style":"","ocean_post_title_background_color":"","ocean_post_title_background":0,"ocean_post_title_bg_image_position":"","ocean_post_title_bg_image_attachment":"","ocean_post_title_bg_image_repeat":"","ocean_post_title_bg_image_size":"","ocean_post_title_height":0,"ocean_post_title_bg_overlay":0.5,"ocean_post_title_bg_overlay_color":"","ocean_disable_breadcrumbs":"default","ocean_breadcrumbs_color":"","ocean_breadcrumbs_separator_color":"","ocean_breadcrumbs_links_color":"","ocean_breadcrumbs_links_hover_color":"","ocean_display_footer_widgets":"default","ocean_display_footer_bottom":"default","ocean_custom_footer_template":"0","footnotes":""},"yoast_head":"<!-- This site is optimized with the Yoast SEO plugin v14.4.1 - https:\/\/yoast.com\/wordpress\/plugins\/seo\/ -->\n<title>Sobre nosotros - Bodega Atrium Vitis | Vinos de parcela<\/title>\n<meta name=\"robots\" content=\"index, follow\" \/>\n<meta name=\"googlebot\" content=\"index, follow, max-snippet:-1, max-image-preview:large, max-video-preview:-1\" \/>\n<meta name=\"bingbot\" content=\"index, follow, max-snippet:-1, max-image-preview:large, max-video-preview:-1\" \/>\n<link rel=\"canonical\" href=\"https:\/\/atriumvitis.com\/tiendavinos\/sobre-nosotros\/\" \/>\n<meta property=\"og:locale\" content=\"es_ES\" \/>\n<meta property=\"og:type\" content=\"article\" \/>\n<meta property=\"og:title\" content=\"Sobre nosotros - Bodega Atrium Vitis | Vinos de parcela\" \/>\n<meta property=\"og:description\" content=\"BODEGA ATRIUM VITIS Somos unos locos del vino, enamorados de la tierra, amantes de parcelas rec\u00f3nditas con una historia que contar&#8230; Con vi\u00f1as que son trabajo f\u00edsico, dificultad&#8230; Vi\u00f1as que son un reto de superaci\u00f3n antes de darte una satisfacci\u00f3n: Vi\u00f1as que no eliges, ellas te eligen a ti&#8230; Creemos firmemente en la singularidad de [&hellip;]\" \/>\n<meta property=\"og:url\" content=\"https:\/\/atriumvitis.com\/tiendavinos\/sobre-nosotros\/\" \/>\n<meta property=\"og:site_name\" content=\"Bodega Atrium Vitis | Vinos de parcela\" \/>\n<meta property=\"article:modified_time\" content=\"2020-04-26T12:41:41+00:00\" \/>\n<meta property=\"og:image\" content=\"https:\/\/atriumvitis.com\/tiendavinos\/wp-content\/uploads\/2019\/12\/logo_atriumvitis_72Kb-150x150.png\" \/>\n<meta name=\"twitter:card\" content=\"summary_large_image\" \/>\n<script type=\"application\/ld+json\" class=\"yoast-schema-graph\">{\"@context\":\"https:\/\/schema.org\",\"@graph\":[{\"@type\":\"Organization\",\"@id\":\"https:\/\/atriumvitis.com\/tiendavinos\/#organization\",\"name\":\"Atrium Vitis Bodega\",\"url\":\"https:\/\/atriumvitis.com\/tiendavinos\/\",\"sameAs\":[],\"logo\":{\"@type\":\"ImageObject\",\"@id\":\"https:\/\/atriumvitis.com\/tiendavinos\/#logo\",\"inLanguage\":\"es\",\"url\":\"https:\/\/atriumvitis.com\/tiendavinos\/wp-content\/uploads\/2020\/04\/logo_atriumvitis_46Kb-200px_ancho.png\",\"width\":200,\"height\":185,\"caption\":\"Atrium Vitis Bodega\"},\"image\":{\"@id\":\"https:\/\/atriumvitis.com\/tiendavinos\/#logo\"}},{\"@type\":\"WebSite\",\"@id\":\"https:\/\/atriumvitis.com\/tiendavinos\/#website\",\"url\":\"https:\/\/atriumvitis.com\/tiendavinos\/\",\"name\":\"Bodega Atrium Vitis | Vinos de parcela\",\"description\":\"Vinos de Ribeira Sacra elaborados por Bodega Atrium Vitis\",\"publisher\":{\"@id\":\"https:\/\/atriumvitis.com\/tiendavinos\/#organization\"},\"potentialAction\":[{\"@type\":\"SearchAction\",\"target\":\"https:\/\/atriumvitis.com\/tiendavinos\/?s={search_term_string}\",\"query-input\":\"required name=search_term_string\"}],\"inLanguage\":\"es\"},{\"@type\":\"ImageObject\",\"@id\":\"https:\/\/atriumvitis.com\/tiendavinos\/sobre-nosotros\/#primaryimage\",\"inLanguage\":\"es\",\"url\":\"https:\/\/atriumvitis.com\/tiendavinos\/wp-content\/uploads\/2019\/12\/logo_atriumvitis_72Kb.png\",\"width\":246,\"height\":236},{\"@type\":\"WebPage\",\"@id\":\"https:\/\/atriumvitis.com\/tiendavinos\/sobre-nosotros\/#webpage\",\"url\":\"https:\/\/atriumvitis.com\/tiendavinos\/sobre-nosotros\/\",\"name\":\"Sobre nosotros - Bodega Atrium Vitis | Vinos de parcela\",\"isPartOf\":{\"@id\":\"https:\/\/atriumvitis.com\/tiendavinos\/#website\"},\"primaryImageOfPage\":{\"@id\":\"https:\/\/atriumvitis.com\/tiendavinos\/sobre-nosotros\/#primaryimage\"},\"datePublished\":\"2020-03-18T16:35:12+00:00\",\"dateModified\":\"2020-04-26T12:41:41+00:00\",\"inLanguage\":\"es\",\"potentialAction\":[{\"@type\":\"ReadAction\",\"target\":[\"https:\/\/atriumvitis.com\/tiendavinos\/sobre-nosotros\/\"]}]}]}<\/script>\n<!-- \/ Yoast SEO plugin. -->","_links":{"self":[{"href":"https:\/\/atriumvitis.com\/tiendavinos\/wp-json\/wp\/v2\/pages\/1041"}],"collection":[{"href":"https:\/\/atriumvitis.com\/tiendavinos\/wp-json\/wp\/v2\/pages"}],"about":[{"href":"https:\/\/atriumvitis.com\/tiendavinos\/wp-json\/wp\/v2\/types\/page"}],"author":[{"embeddable":true,"href":"https:\/\/atriumvitis.com\/tiendavinos\/wp-json\/wp\/v2\/users\/1"}],"replies":[{"embeddable":true,"href":"https:\/\/atriumvitis.com\/tiendavinos\/wp-json\/wp\/v2\/comments?post=1041"}],"version-history":[{"count":57,"href":"https:\/\/atriumvitis.com\/tiendavinos\/wp-json\/wp\/v2\/pages\/1041\/revisions"}],"predecessor-version":[{"id":3467,"href":"https:\/\/atriumvitis.com\/tiendavinos\/wp-json\/wp\/v2\/pages\/1041\/revisions\/3467"}],"wp:attachment":[{"href":"https:\/\/atriumvitis.com\/tiendavinos\/wp-json\/wp\/v2\/media?parent=1041"}],"curies":[{"name":"wp","href":"https:\/\/api.w.org\/{rel}","templated":true}]}}